{"id":16578,"date":"2019-05-29T07:36:22","date_gmt":"2019-05-29T07:36:22","guid":{"rendered":"https:\/\/lupanhandpans.com\/?page_id=16578"},"modified":"2021-06-23T13:01:33","modified_gmt":"2021-06-23T13:01:33","slug":"bestellen","status":"publish","type":"page","link":"https:\/\/lupanhandpans.com\/de\/bestellen\/","title":{"rendered":"Bestellen"},"content":{"rendered":"<div      class=\"vc_row wpb_row section vc_row-fluid  vc_custom_1557301385697 grid_section\" style=' text-align:left;'><div class=\" section_inner clearfix\"><div class='section_inner_margin clearfix'><div class=\"wpb_column vc_column_container vc_col-sm-12\"><div class=\"vc_column-inner\"><div class=\"wpb_wrapper\">\t<div class=\"vc_empty_space\"  style=\"height: 100px\" ><span\n\t\t\tclass=\"vc_empty_space_inner\">\n\t\t\t<span class=\"empty_space_image\"  ><\/span>\n\t\t<\/span><\/div>\n\n<div      class=\"vc_row wpb_row section vc_row-fluid vc_inner \" style=' text-align:left;'><div class=\" full_section_inner clearfix\"><div class=\"wpb_column vc_column_container vc_col-sm-12 vc_hidden-sm vc_hidden-xs\"><div class=\"vc_column-inner\"><div class=\"wpb_wrapper\">\t<div class=\"vc_empty_space\"  style=\"height: 50px\" ><span\n\t\t\tclass=\"vc_empty_space_inner\">\n\t\t\t<span class=\"empty_space_image\"  ><\/span>\n\t\t<\/span><\/div>\n\n<\/div><\/div><\/div><\/div><\/div><div      class=\"vc_row wpb_row section vc_row-fluid vc_inner \" style=' text-align:left;'><div class=\" full_section_inner clearfix\"><div class=\"wpb_column vc_column_container vc_col-sm-12\"><div class=\"vc_column-inner\"><div class=\"wpb_wrapper\">\t<div class=\"vc_empty_space\"  style=\"height: 42px\" ><span\n\t\t\tclass=\"vc_empty_space_inner\">\n\t\t\t<span class=\"empty_space_image\"  ><\/span>\n\t\t<\/span><\/div>\n\n\n\t<div class=\"wpb_text_column wpb_content_element \">\n\t\t<div class=\"wpb_wrapper\">\n\t\t\t<h1 style=\"text-align: center;\"><span style=\"color: #ffffff;\">BESTELLEN<\/span><\/h1>\n\n\t\t<\/div> \n\t<\/div> \t<div class=\"vc_empty_space\"  style=\"height: 22px\" ><span\n\t\t\tclass=\"vc_empty_space_inner\">\n\t\t\t<span class=\"empty_space_image\"  ><\/span>\n\t\t<\/span><\/div>\n\n\n\t<div class=\"wpb_text_column wpb_content_element \">\n\t\t<div class=\"wpb_wrapper\">\n\t\t\t<p style=\"text-align: center;\"><span style=\"color: #ffffff;\">Hier k\u00f6nnen Sie eine Handpan bestellen. Bitte lesen Sie vorher den Abschnitt\u00a0<a style=\"color: #ddba08;\" href=\"\/de\/f-a-q\/\">FAQ<\/a> und <a style=\"color: #ddba08;\" href=\"\/de\/instrumente\/\">Instrumente<\/a>.<\/span><\/p>\n<p style=\"text-align: center;\"><span style=\"color: #ffffff;\">Sie erhalten eine E-Mail mit der gesch\u00e4tzten Wartezeit und weiteren Details.<\/span><\/p>\n\n\t\t<\/div> \n\t<\/div> \t<div class=\"vc_empty_space\"  style=\"height: 42px\" ><span\n\t\t\tclass=\"vc_empty_space_inner\">\n\t\t\t<span class=\"empty_space_image\"  ><\/span>\n\t\t<\/span><\/div>\n\n<\/div><\/div><\/div><\/div><\/div><div      class=\"vc_row wpb_row section vc_row-fluid vc_inner \" style=' text-align:left;'><div class=\" full_section_inner clearfix\"><div class=\"wpb_column vc_column_container vc_col-sm-1\"><div class=\"vc_column-inner\"><div class=\"wpb_wrapper\"><\/div><\/div><\/div><div class=\"wpb_column vc_column_container vc_col-sm-10\"><div class=\"vc_column-inner\"><div class=\"wpb_wrapper\"><div role=\"form\" class=\"wpcf7\" id=\"wpcf7-f16618-o1\" lang=\"es-ES\" dir=\"ltr\">\n<div class=\"screen-reader-response\"><p role=\"status\" aria-live=\"polite\" aria-atomic=\"true\"><\/p> <ul><\/ul><\/div>\n<form action=\"\/de\/wp-json\/wp\/v2\/pages\/16578#wpcf7-f16618-o1\" method=\"post\" class=\"wpcf7-form init cf7_custom_style_3\" novalidate=\"novalidate\" data-status=\"init\">\n<div style=\"display: none;\">\n<input type=\"hidden\" name=\"_wpcf7\" value=\"16618\" \/>\n<input type=\"hidden\" name=\"_wpcf7_version\" value=\"5.5.1\" \/>\n<input type=\"hidden\" name=\"_wpcf7_locale\" value=\"es_ES\" \/>\n<input type=\"hidden\" name=\"_wpcf7_unit_tag\" value=\"wpcf7-f16618-o1\" \/>\n<input type=\"hidden\" name=\"_wpcf7_container_post\" value=\"0\" \/>\n<input type=\"hidden\" name=\"_wpcf7_posted_data_hash\" value=\"\" \/>\n<input type=\"hidden\" name=\"_wpcf7_recaptcha_response\" value=\"\" \/>\n<\/div>\n<div class=\"two_columns_50_50 clearfix\">\n<div class=\"column1\">\n<div class=\"column_inner\"><span style=\"color: #ffffff;\">Name *<\/span><br \/>\n   <span class=\"wpcf7-form-control-wrap tname\"><input type=\"text\" name=\"tname\" value=\"\" size=\"40\" class=\"wpcf7-form-control wpcf7-text wpcf7-validates-as-required\" aria-required=\"true\" aria-invalid=\"false\" \/><\/span>\n  <\/div>\n<\/div>\n<div class=\"column2\">\n<div class=\"column_inner\"><span style=\"color: #ffffff;\">Email *<\/span><br \/>\n <span class=\"wpcf7-form-control-wrap temail\"><input type=\"email\" name=\"temail\" value=\"\" size=\"40\" class=\"wpcf7-form-control wpcf7-text wpcf7-email wpcf7-validates-as-required wpcf7-validates-as-email\" aria-required=\"true\" aria-invalid=\"false\" \/><\/span>\n  <\/div>\n<\/div>\n<\/div>\n<div class=\"two_columns_50_50 clearfix\">\n<div class=\"column1\">\n<div class=\"column_inner\"><span style=\"color: #ffffff;\">Land *<\/span><br \/>\n   <span class=\"wpcf7-form-control-wrap tpais\"><input type=\"text\" name=\"tpais\" value=\"\" size=\"40\" class=\"wpcf7-form-control wpcf7-text wpcf7-validates-as-required\" aria-required=\"true\" aria-invalid=\"false\" \/><\/span>\n  <\/div>\n<\/div>\n<div class=\"column2\">\n<div class=\"column_inner\"><span style=\"color: #ffffff;\">Gew\u00fcnschtes Modell *<\/span><br \/>\n <span class=\"wpcf7-form-control-wrap tescala\"><input type=\"text\" name=\"tescala\" value=\"\" size=\"40\" class=\"wpcf7-form-control wpcf7-text wpcf7-validates-as-required\" aria-required=\"true\" aria-invalid=\"false\" \/><\/span>\n  <\/div>\n<\/div>\n<\/div>\n<p><span style=\"color: #ffffff;\">K\u00f6nnen Sie es abholen (Barcelona\/Spanien) oder bevorzugen Sie den Versand? * <span class=\"wpcf7-form-control-wrap radio-37\"><span class=\"wpcf7-form-control wpcf7-radio\"><span class=\"wpcf7-list-item first\"><input type=\"radio\" name=\"radio-37\" value=\"Abholung\" checked=\"checked\" \/><span class=\"wpcf7-list-item-label\">Abholung<\/span><\/span><span class=\"wpcf7-list-item last\"><input type=\"radio\" name=\"radio-37\" value=\"Versand\" \/><span class=\"wpcf7-list-item-label\">Versand<\/span><\/span><\/span><\/span><\/span><\/p>\n<div><span style=\"color: #ffffff;\">Nachricht<\/span><span class=\"wpcf7-form-control-wrap message\"><textarea name=\"message\" cols=\"40\" rows=\"10\" class=\"wpcf7-form-control wpcf7-textarea wpcf7-validates-as-required\" aria-required=\"true\" aria-invalid=\"false\"><\/textarea><\/span><\/div>\n<p><br><input type=\"submit\" value=\"Senden\" class=\"wpcf7-form-control has-spinner wpcf7-submit\" \/> <span style=\"color: #ffffff;\"> <span class=\"wpcf7-form-control-wrap acceptance-190\"><span class=\"wpcf7-form-control wpcf7-acceptance\"><span class=\"wpcf7-list-item\"><input type=\"checkbox\" name=\"acceptance-190\" value=\"1\" aria-invalid=\"false\" \/><\/span><\/span><\/span><span style=\"color: #ffffff;\">Ich bin kein Roboter <\/span><\/p>\n<div class=\"wpcf7-response-output\" aria-hidden=\"true\"><\/div><\/form><\/div>\t<div class=\"vc_empty_space\"  style=\"height: 62px\" ><span\n\t\t\tclass=\"vc_empty_space_inner\">\n\t\t\t<span class=\"empty_space_image\"  ><\/span>\n\t\t<\/span><\/div>\n\n<\/div><\/div><\/div><div class=\"wpb_column vc_column_container vc_col-sm-1\"><div class=\"vc_column-inner\"><div class=\"wpb_wrapper\"><\/div><\/div><\/div><\/div><\/div><div      class=\"vc_row wpb_row section vc_row-fluid vc_inner \" style=' text-align:left;'><div class=\" full_section_inner clearfix\"><div class=\"wpb_column vc_column_container vc_col-sm-12 vc_hidden-sm vc_hidden-xs\"><div class=\"vc_column-inner\"><div class=\"wpb_wrapper\">\t<div class=\"vc_empty_space\"  style=\"height: 50px\" ><span\n\t\t\tclass=\"vc_empty_space_inner\">\n\t\t\t<span class=\"empty_space_image\"  ><\/span>\n\t\t<\/span><\/div>\n\n<\/div><\/div><\/div><\/div><\/div><\/div><\/div><\/div><\/div><\/div><\/div><div      class=\"vc_row wpb_row section vc_row-fluid  grid_section\" style=' text-align:center;'><div class=\" section_inner clearfix\"><div class='section_inner_margin clearfix'><div class=\"wpb_column vc_column_container vc_col-sm-12\"><div class=\"vc_column-inner\"><div class=\"wpb_wrapper\">\t<div class=\"vc_empty_space\"  style=\"height: 60px\" ><span\n\t\t\tclass=\"vc_empty_space_inner\">\n\t\t\t<span class=\"empty_space_image\"  ><\/span>\n\t\t<\/span><\/div>\n\n<div      class=\"vc_row wpb_row section vc_row-fluid vc_inner \" style=' text-align:left;'><div class=\" full_section_inner clearfix\"><div class=\"wpb_column vc_column_container vc_col-sm-3\"><div class=\"vc_column-inner\"><div class=\"wpb_wrapper\"><\/div><\/div><\/div><div class=\"wpb_column vc_column_container vc_col-sm-2\"><div class=\"vc_column-inner\"><div class=\"wpb_wrapper\"><\/div><\/div><\/div><div class=\"wpb_column vc_column_container vc_col-sm-4\"><div class=\"vc_column-inner\"><div class=\"wpb_wrapper\">\n\t<div class=\"wpb_text_column wpb_content_element \">\n\t\t<div class=\"wpb_wrapper\">\n\t\t\t<p><a href=\"https:\/\/www.facebook.com\/lupanhandpans\/\" target=\"_blank\" rel=\"noopener noreferrer\"><img loading=\"lazy\" class=\"alignleft wp-image-17888\" src=\"https:\/\/lupanhandpans.com\/wp-content\/uploads\/2019\/05\/facebook.png\" alt=\"\" width=\"30\" height=\"30\" \/><\/a><a href=\"https:\/\/www.instagram.com\/marklupan\/\" target=\"_blank\" rel=\"noopener noreferrer\"><img loading=\"lazy\" class=\"alignleft wp-image-17890\" src=\"https:\/\/lupanhandpans.com\/wp-content\/uploads\/2019\/05\/Instagram.png\" alt=\"\" width=\"30\" height=\"30\" \/><\/a><a href=\"https:\/\/www.youtube.com\/lupanhandpans\" target=\"_blank\" rel=\"noopener noreferrer\"><img loading=\"lazy\" class=\"alignleft wp-image-17894\" src=\"https:\/\/lupanhandpans.com\/wp-content\/uploads\/2019\/05\/youtube.png\" alt=\"\" width=\"30\" height=\"30\" \/><\/a><a href=\"mailto:lupanhandpans@yahoo.com \"><img loading=\"lazy\" class=\"alignleft wp-image-17892\" src=\"https:\/\/lupanhandpans.com\/wp-content\/uploads\/2019\/05\/mail.png\" alt=\"\" width=\"30\" height=\"30\" \/><\/a><\/p>\n\n\t\t<\/div> \n\t<\/div> <\/div><\/div><\/div><div class=\"wpb_column vc_column_container vc_col-sm-3\"><div class=\"vc_column-inner\"><div class=\"wpb_wrapper\"><\/div><\/div><\/div><\/div><\/div>\t<div class=\"vc_empty_space\"  style=\"height: 30px\" ><span\n\t\t\tclass=\"vc_empty_space_inner\">\n\t\t\t<span class=\"empty_space_image\"  ><\/span>\n\t\t<\/span><\/div>\n\n<div      class=\"vc_row wpb_row section vc_row-fluid vc_inner \" style=' text-align:left;'><div class=\" full_section_inner clearfix\"><div class=\"wpb_column vc_column_container vc_col-sm-12\"><div class=\"vc_column-inner\"><div class=\"wpb_wrapper\">\n\t<div class=\"wpb_text_column wpb_content_element \">\n\t\t<div class=\"wpb_wrapper\">\n\t\t\t<h6 style=\"text-align: center;\"><span style=\"color: #ffffff;\">Copyright 2019 \u00a9 Lupan Handpans | <a style=\"color: #ffffff;\" href=\"\/de\/privacy-policy\/\">Privacy Policy<\/a> | <a style=\"color: #ffffff;\" href=\"\/de\/cookies\/\">Cookies Policy<\/a><\/span><\/h6>\n\n\t\t<\/div> \n\t<\/div> <\/div><\/div><\/div><\/div><\/div>\t<div class=\"vc_empty_space\"  style=\"height: 100px\" ><span\n\t\t\tclass=\"vc_empty_space_inner\">\n\t\t\t<span class=\"empty_space_image\"  ><\/span>\n\t\t<\/span><\/div>\n\n<\/div><\/div><\/div><\/div><\/div><\/div>\n","protected":false},"excerpt":{"rendered":"BESTELLEN Hier k\u00f6nnen Sie eine Handpan bestellen. Bitte lesen Sie vorher den Abschnitt\u00a0FAQ und Instrumente. Sie erhalten eine E-Mail mit der gesch\u00e4tzten Wartezeit und weiteren Details. Name * Email * Land * Gew\u00fcnschtes Modell * K\u00f6nnen Sie es abholen (Barcelona\/Spanien) oder bevorzugen Sie den Versand?...","protected":false},"author":1,"featured_media":0,"parent":0,"menu_order":0,"comment_status":"closed","ping_status":"closed","template":"full_width.php","meta":[],"yoast_head":"<!-- This site is optimized with the Yoast SEO plugin v17.4 - https:\/\/yoast.com\/wordpress\/plugins\/seo\/ -->\n<title>Bestellen - Lupan Handpans<\/title>\n<meta name=\"robots\" content=\"index, follow, max-snippet:-1, max-image-preview:large, max-video-preview:-1\" \/>\n<link rel=\"canonical\" href=\"https:\/\/lupanhandpans.com\/de\/bestellen\/\" \/>\n<meta property=\"og:locale\" content=\"de_DE\" \/>\n<meta property=\"og:type\" content=\"article\" \/>\n<meta property=\"og:title\" content=\"Bestellen - Lupan Handpans\" \/>\n<meta property=\"og:url\" content=\"https:\/\/lupanhandpans.com\/de\/bestellen\/\" \/>\n<meta property=\"og:site_name\" content=\"Lupan Handpans\" \/>\n<meta property=\"article:modified_time\" content=\"2021-06-23T13:01:33+00:00\" \/>\n<meta property=\"og:image\" content=\"https:\/\/lupanhandpans.com\/wp-content\/uploads\/2019\/05\/facebook.png\" \/>\n<meta name=\"twitter:card\" content=\"summary_large_image\" \/>\n<meta name=\"twitter:label1\" content=\"Gesch\u00e4tzte Lesezeit\" \/>\n\t<meta name=\"twitter:data1\" content=\"2\u00a0Minuten\" \/>\n<script type=\"application\/ld+json\" class=\"yoast-schema-graph\">{\"@context\":\"https:\/\/schema.org\",\"@graph\":[{\"@type\":\"WebSite\",\"@id\":\"https:\/\/lupanhandpans.com\/#website\",\"url\":\"https:\/\/lupanhandpans.com\/\",\"name\":\"Lupan Handpans\",\"description\":\"Instrumentos\",\"potentialAction\":[{\"@type\":\"SearchAction\",\"target\":{\"@type\":\"EntryPoint\",\"urlTemplate\":\"https:\/\/lupanhandpans.com\/?s={search_term_string}\"},\"query-input\":\"required name=search_term_string\"}],\"inLanguage\":\"de\"},{\"@type\":\"ImageObject\",\"@id\":\"https:\/\/lupanhandpans.com\/de\/bestellen\/#primaryimage\",\"inLanguage\":\"de\",\"url\":\"https:\/\/lupanhandpans.com\/wp-content\/uploads\/2019\/05\/facebook.png\",\"contentUrl\":\"https:\/\/lupanhandpans.com\/wp-content\/uploads\/2019\/05\/facebook.png\",\"width\":49,\"height\":49},{\"@type\":\"WebPage\",\"@id\":\"https:\/\/lupanhandpans.com\/de\/bestellen\/#webpage\",\"url\":\"https:\/\/lupanhandpans.com\/de\/bestellen\/\",\"name\":\"Bestellen - Lupan Handpans\",\"isPartOf\":{\"@id\":\"https:\/\/lupanhandpans.com\/#website\"},\"primaryImageOfPage\":{\"@id\":\"https:\/\/lupanhandpans.com\/de\/bestellen\/#primaryimage\"},\"datePublished\":\"2019-05-29T07:36:22+00:00\",\"dateModified\":\"2021-06-23T13:01:33+00:00\",\"breadcrumb\":{\"@id\":\"https:\/\/lupanhandpans.com\/de\/bestellen\/#breadcrumb\"},\"inLanguage\":\"de\",\"potentialAction\":[{\"@type\":\"ReadAction\",\"target\":[\"https:\/\/lupanhandpans.com\/de\/bestellen\/\"]}]},{\"@type\":\"BreadcrumbList\",\"@id\":\"https:\/\/lupanhandpans.com\/de\/bestellen\/#breadcrumb\",\"itemListElement\":[{\"@type\":\"ListItem\",\"position\":1,\"name\":\"Home\",\"item\":\"https:\/\/lupanhandpans.com\/de\/home\/\"},{\"@type\":\"ListItem\",\"position\":2,\"name\":\"Bestellen\"}]}]}<\/script>\n<!-- \/ Yoast SEO plugin. -->","yoast_head_json":{"title":"Bestellen - Lupan Handpans","robots":{"index":"index","follow":"follow","max-snippet":"max-snippet:-1","max-image-preview":"max-image-preview:large","max-video-preview":"max-video-preview:-1"},"canonical":"https:\/\/lupanhandpans.com\/de\/bestellen\/","og_locale":"de_DE","og_type":"article","og_title":"Bestellen - Lupan Handpans","og_url":"https:\/\/lupanhandpans.com\/de\/bestellen\/","og_site_name":"Lupan Handpans","article_modified_time":"2021-06-23T13:01:33+00:00","og_image":[{"url":"https:\/\/lupanhandpans.com\/wp-content\/uploads\/2019\/05\/facebook.png"}],"twitter_card":"summary_large_image","twitter_misc":{"Gesch\u00e4tzte Lesezeit":"2\u00a0Minuten"},"schema":{"@context":"https:\/\/schema.org","@graph":[{"@type":"WebSite","@id":"https:\/\/lupanhandpans.com\/#website","url":"https:\/\/lupanhandpans.com\/","name":"Lupan Handpans","description":"Instrumentos","potentialAction":[{"@type":"SearchAction","target":{"@type":"EntryPoint","urlTemplate":"https:\/\/lupanhandpans.com\/?s={search_term_string}"},"query-input":"required name=search_term_string"}],"inLanguage":"de"},{"@type":"ImageObject","@id":"https:\/\/lupanhandpans.com\/de\/bestellen\/#primaryimage","inLanguage":"de","url":"https:\/\/lupanhandpans.com\/wp-content\/uploads\/2019\/05\/facebook.png","contentUrl":"https:\/\/lupanhandpans.com\/wp-content\/uploads\/2019\/05\/facebook.png","width":49,"height":49},{"@type":"WebPage","@id":"https:\/\/lupanhandpans.com\/de\/bestellen\/#webpage","url":"https:\/\/lupanhandpans.com\/de\/bestellen\/","name":"Bestellen - Lupan Handpans","isPartOf":{"@id":"https:\/\/lupanhandpans.com\/#website"},"primaryImageOfPage":{"@id":"https:\/\/lupanhandpans.com\/de\/bestellen\/#primaryimage"},"datePublished":"2019-05-29T07:36:22+00:00","dateModified":"2021-06-23T13:01:33+00:00","breadcrumb":{"@id":"https:\/\/lupanhandpans.com\/de\/bestellen\/#breadcrumb"},"inLanguage":"de","potentialAction":[{"@type":"ReadAction","target":["https:\/\/lupanhandpans.com\/de\/bestellen\/"]}]},{"@type":"BreadcrumbList","@id":"https:\/\/lupanhandpans.com\/de\/bestellen\/#breadcrumb","itemListElement":[{"@type":"ListItem","position":1,"name":"Home","item":"https:\/\/lupanhandpans.com\/de\/home\/"},{"@type":"ListItem","position":2,"name":"Bestellen"}]}]}},"_links":{"self":[{"href":"https:\/\/lupanhandpans.com\/de\/wp-json\/wp\/v2\/pages\/16578"}],"collection":[{"href":"https:\/\/lupanhandpans.com\/de\/wp-json\/wp\/v2\/pages"}],"about":[{"href":"https:\/\/lupanhandpans.com\/de\/wp-json\/wp\/v2\/types\/page"}],"author":[{"embeddable":true,"href":"https:\/\/lupanhandpans.com\/de\/wp-json\/wp\/v2\/users\/1"}],"replies":[{"embeddable":true,"href":"https:\/\/lupanhandpans.com\/de\/wp-json\/wp\/v2\/comments?post=16578"}],"version-history":[{"count":9,"href":"https:\/\/lupanhandpans.com\/de\/wp-json\/wp\/v2\/pages\/16578\/revisions"}],"predecessor-version":[{"id":18220,"href":"https:\/\/lupanhandpans.com\/de\/wp-json\/wp\/v2\/pages\/16578\/revisions\/18220"}],"wp:attachment":[{"href":"https:\/\/lupanhandpans.com\/de\/wp-json\/wp\/v2\/media?parent=16578"}],"curies":[{"name":"wp","href":"https:\/\/api.w.org\/{rel}","templated":true}]}}