{"id":16599,"date":"2019-05-29T07:53:31","date_gmt":"2019-05-29T07:53:31","guid":{"rendered":"https:\/\/lupanhandpans.com\/?page_id=16599"},"modified":"2022-12-26T20:48:08","modified_gmt":"2022-12-26T20:48:08","slug":"f-a-q","status":"publish","type":"page","link":"https:\/\/lupanhandpans.com\/de\/f-a-q\/","title":{"rendered":"F.A.Q."},"content":{"rendered":"<div      class=\"vc_row wpb_row section vc_row-fluid  vc_custom_1557233478072 grid_section\" style=' text-align:left;'><div class=\" section_inner clearfix\"><div class='section_inner_margin clearfix'><div class=\"wpb_column vc_column_container vc_col-sm-12\"><div class=\"vc_column-inner\"><div class=\"wpb_wrapper\">\t<div class=\"vc_empty_space\"  style=\"height: 100px\" ><span\n\t\t\tclass=\"vc_empty_space_inner\">\n\t\t\t<span class=\"empty_space_image\"  ><\/span>\n\t\t<\/span><\/div>\n\n<div      class=\"vc_row wpb_row section vc_row-fluid vc_inner \" style=' text-align:left;'><div class=\" full_section_inner clearfix\"><div class=\"wpb_column vc_column_container vc_col-sm-12 vc_hidden-sm vc_hidden-xs\"><div class=\"vc_column-inner\"><div class=\"wpb_wrapper\">\t<div class=\"vc_empty_space\"  style=\"height: 50px\" ><span\n\t\t\tclass=\"vc_empty_space_inner\">\n\t\t\t<span class=\"empty_space_image\"  ><\/span>\n\t\t<\/span><\/div>\n\n<\/div><\/div><\/div><\/div><\/div><div      class=\"vc_row wpb_row section vc_row-fluid vc_inner \" style=' text-align:left;'><div class=\" full_section_inner clearfix\"><div class=\"wpb_column vc_column_container vc_col-sm-12\"><div class=\"vc_column-inner\"><div class=\"wpb_wrapper\">\t<div class=\"vc_empty_space\"  style=\"height: 42px\" ><span\n\t\t\tclass=\"vc_empty_space_inner\">\n\t\t\t<span class=\"empty_space_image\"  ><\/span>\n\t\t<\/span><\/div>\n\n\n\t<div class=\"wpb_text_column wpb_content_element \">\n\t\t<div class=\"wpb_wrapper\">\n\t\t\t<h1 style=\"text-align: center;\"><span style=\"color: #ffffff;\">F.A.Q.<\/span><\/h1>\n\n\t\t<\/div> \n\t<\/div> \t<div class=\"vc_empty_space\"  style=\"height: 22px\" ><span\n\t\t\tclass=\"vc_empty_space_inner\">\n\t\t\t<span class=\"empty_space_image\"  ><\/span>\n\t\t<\/span><\/div>\n\n\n\t<div class=\"wpb_text_column wpb_content_element \">\n\t\t<div class=\"wpb_wrapper\">\n\t\t\t<p><span style=\"color: #ffffff;\"><strong>Was ist eine Handpan?<\/strong><\/span><\/p>\n<p><span style=\"color: #ffffff;\">Die Handpan ist ein von den karibischen Steel Pans abgeleitetes Hand Percussion Instrument. Es besteht aus Stahlblech (in der Regel 1 mm oder 1,2 mm dick). Es wird meist von Hand mit verschiedenen H\u00e4mmern geformt, wodurch mehrere getrennte Membranen entstehen, die als Tonfelder bezeichnet werden. Das zentrale Tonfeld hei\u00dft Ding und ist die tiefste Note. In jedem Tonfeld sind mindestens 3 T\u00f6ne gestimmt, die Grundt\u00f6ne und die Obert\u00f6ne. Wenn Sie also ein Tonfeld aktivieren, h\u00f6ren Sie tats\u00e4chlich 3 T\u00f6ne. Den Grundton, die Oktave und ihre Quinte. Zum Beispiel A3\/A4\/E5. F\u00fcr die h\u00f6chsten T\u00f6ne werden 2 Oktaven gestimmt (D5\/D6\/D6).<\/span><\/p>\n<p>&nbsp;<\/p>\n<p><span style=\"color: #ffffff;\">Alle Stimmungs- und Formgebungsarbeiten werden von Hand ausgef\u00fchrt, deshalb ist jede Handpan ein Unikat.<\/span><br \/>\n<span style=\"color: #ffffff;\">\u00a0<\/span><\/p>\n<p>&nbsp;<\/p>\n<p>&nbsp;<\/p>\n<p><span style=\"color: #ffffff;\"><strong>Was macht eine qualitativ hochwertige Handpan aus?<\/strong><\/span><\/p>\n<p>&nbsp;<\/p>\n<p><span style=\"color: #ffffff;\">1. Was macht einen guten Sound aus? Vor allem ein starker Grundton. Das bedeutet eine stabile Note mit einem reichen K\u00f6rper und der richtigen Menge an Sustain. Die Obert\u00f6ne (oder Teilt\u00f6ne) sollten nachhaltig, aber nicht lauter oder l\u00e4nger als der Grundton selbst sein. Sie sollten in der Lage sein, je nach angewandter Spieltechnik einen vollmundigen Klang zu erzeugen oder die Obert\u00f6ne leicht zu isolieren. Die Tonfelder sollten sich nicht gegenseitig aktivieren. Das hei\u00dft, jedes Tonfeld sollte einen vollen Klang haben, ohne das daneben liegende in Schwingung zu bringen. <\/span><\/p>\n<p>&nbsp;<\/p>\n<p><span style=\"color: #ffffff;\">2. Die Klangfelder brauchen die richtige Spannung, um nicht au\u00dfer Kontrolle zu geraten, wenn sie laut gespielt werden. Die Tonh\u00f6he sollte sich auch bei einem st\u00e4rkeren Anschlag nicht ver\u00e4ndern (wackeln). Alle T\u00f6ne sollten ausgeglichen sein, d.h.sie sollten eine \u00e4hnliche Lautst\u00e4rke und Sustain haben.<\/span><\/p>\n<p>&nbsp;<\/p>\n<p><span style=\"color: #ffffff;\">3. Die Formgebung der Notenfelder, die W\u00e4rmebehandlung und die Stimmtechnik haben einen gro\u00dfen Einfluss auf die Stabilit\u00e4t der Stimmung (Tonh\u00f6he).<br \/>\nEine sorgf\u00e4ltig gefertigte Handpan sollte \u00fcber einen langen Zeitraum in Stimmung bleiben.<br \/>\nEs ist jedoch normal, dass sich die Tonh\u00f6he im Laufe der Jahre leicht bewegen kann, was auf die Prozesse des Metalls selbst zur\u00fcckzuf\u00fchren ist. Professionelle Musiker lassen ihre Pans alle 2 Jahre neu stimmen.<\/span><\/p>\n<p>&nbsp;<\/p>\n<p><span style=\"color: #ffffff;\">Nicht zuletzt sollte das Material ausreichend gegen Rost gesch\u00fctzt sein. <\/span><\/p>\n<p>&nbsp;<\/p>\n<p>&nbsp;<\/p>\n<p>&nbsp;<\/p>\n<p><span style=\"color: #ffffff;\"><strong>Wie kann ich eine Handpan kaufen?<\/strong><\/span><\/p>\n<p>&nbsp;<\/p>\n<p><span style=\"color: #ffffff;\">Am Besten mit einem Besuch in unserer Werkstatt in der N\u00e4he von Barcelona, Spanien, wo Sie ein Instrument ausw\u00e4hlen k\u00f6nnen. <\/span><\/p>\n<p><span style=\"color: #ffffff;\">Alternativ k\u00f6nnen Sie auch den Abschnitt <a style=\"color: #ffffff;\" href=\"\/de\/kaufen\/\">Kaufen <\/a> auf dieser Website besuchen oder <a style=\"color: #ffffff;\" href=\"\/de\/bestellen\/\">hier <\/a>eine Bestellung aufgeben.<\/span><\/p>\n<p>&nbsp;<\/p>\n<p>&nbsp;<\/p>\n<p>&nbsp;<\/p>\n<p><span style=\"color: #ffffff;\"><strong>Wie w\u00e4hle ich eine Skala aus?<\/strong><\/span><\/p>\n<p>&nbsp;<\/p>\n<p><span style=\"color: #ffffff;\">Sie k\u00f6nnen sich die Videos der verschiedenen Klangmodelle ansehen und herausfinden, welches Modell sich f\u00fcr Sie besser anf\u00fchlt. Jedenfalls gibt es ein ganzes Universum an musikalischen M\u00f6glichkeiten in jeder Skala. Im Men\u00fc finden Sie eine Liste von Skalen, die gut funktionieren. <\/span><\/p>\n<p>&nbsp;<\/p>\n<p>&nbsp;<\/p>\n<p><span style=\"color: #ffffff;\"><strong>Sind Lupan Handpans nitriert und welches Material wird verwendet?<\/strong><\/span><\/p>\n<p>&nbsp;<\/p>\n<p><span style=\"color: #ffffff;\">Wir verwenden 1mm DC 04 nitriertes Stahlblech, Edelstahl AISI 430 und Edelstahl &#8222;Ember&#8220;.<\/span><\/p>\n<p>&nbsp;<\/p>\n<p>&nbsp;<\/p>\n<p><span style=\"color: #ffffff;\"><strong>Was kosten die verschiedenen Modelle? <\/strong><\/span><\/p>\n<p><span style=\"color: #ffffff;\">8 Noten + Ding (9 Noten insgesamt): 1450 euro <\/span><\/p>\n<p><span style=\"color: #ffffff;\">9 Noten + Ding (10 Noten insgesamt): 1600 euro <\/span><\/p>\n<p><span style=\"color: #ffffff;\">Softbag Smarty Repet: 80 euro <\/span><\/p>\n<p><span style=\"color: #ffffff;\">Evatek M semi-rigid: 150 euro <\/span><\/p>\n<p><span style=\"color: #ffffff;\">Evatek Fly L Hardcase: 300 euro<\/span><\/p>\n<p><span style=\"color: #ffffff;\">Versand Europa: 60 euro<\/span><\/p>\n<p><span style=\"color: #ffffff;\">Versand International: 150 euro<\/span><\/p>\n<p>&nbsp;<\/p>\n<p><span style=\"color: #ffffff;\">F\u00fcr Noten auf der Unterseite, Zyklopen oder Mutanten nehmen Sie bitte <a style=\"color: #ffffff;\" href=\"\/de\/kontakt\/\">Kontakt auf.<\/a><\/span><\/p>\n<p>&nbsp;<\/p>\n<p>&nbsp;<\/p>\n<p>&nbsp;<\/p>\n<p><span style=\"color: #ffffff;\"><strong>Wie pflege ich das Instrument?<\/strong><\/span><\/p>\n<p><span style=\"color: #ffffff;\">Vermeiden Sie Salzwasser und Feuchtigkeit und stellen Sie sicher, dass die Tasche trocken ist. Am besten reinigen und sch\u00fctzen Sie Ihre Handpan, indem Sie einige Tropfen \u00d6l (Phoenix, Ballistol oder Froglube) auf ein kleines St\u00fcck Tuch geben und \u00fcber die gesamte Spielfl\u00e4che und den Rand verteilen. Dann nehmen Sie etwas K\u00fcchenpapier (oder Toilettenpapier) und wischen Sie den \u00dcberschuss ab. Das Ergebnis ist eine saubere Oberfl\u00e4che mit einer sehr d\u00fcnnen \u00d6lschicht, die sie sch\u00fctzt.<\/span><\/p>\n<p>&nbsp;<\/p>\n<p><span style=\"color: #ffffff;\">Gehen Sie vorsichtig damit um und sch\u00fctzen Sie es vor Druck und St\u00f6\u00dfen auf die Notenfelder. Vermeiden Sie direkte Sonneneinstrahlung oder Hitze auf der Spielfl\u00e4che.<\/span><\/p>\n<p>&nbsp;<\/p>\n<p>&nbsp;<\/p>\n<p>&nbsp;<\/p>\n<p><span style=\"color: #ffffff;\"><strong>Was ist, wenn ich meine Handpan neu stimmen will oder wenn es ein Problem damit gibt?<\/strong><\/span><\/p>\n<p><span style=\"color: #ffffff;\">Kontaktieren Sie uns einfach. Wir bieten lebenslangen Service f\u00fcr unsere Instrumente an. <\/span><\/p>\n\n\t\t<\/div> \n\t<\/div> \t<div class=\"vc_empty_space\"  style=\"height: 100px\" ><span\n\t\t\tclass=\"vc_empty_space_inner\">\n\t\t\t<span class=\"empty_space_image\"  ><\/span>\n\t\t<\/span><\/div>\n\n<\/div><\/div><\/div><\/div><\/div><div      class=\"vc_row wpb_row section vc_row-fluid vc_inner \" style=' text-align:left;'><div class=\" full_section_inner clearfix\"><div class=\"wpb_column vc_column_container vc_col-sm-3 vc_hidden-sm vc_hidden-xs\"><div class=\"vc_column-inner\"><div class=\"wpb_wrapper\"><\/div><\/div><\/div><div class=\"wpb_column vc_column_container vc_col-sm-2\"><div class=\"vc_column-inner\"><div class=\"wpb_wrapper\"><\/div><\/div><\/div><div class=\"wpb_column vc_column_container vc_col-sm-4\"><div class=\"vc_column-inner\"><div class=\"wpb_wrapper\">\n\t<div class=\"wpb_text_column wpb_content_element \">\n\t\t<div class=\"wpb_wrapper\">\n\t\t\t<p><a href=\"https:\/\/www.facebook.com\/lupanhandpans\/\" target=\"_blank\" rel=\"noopener noreferrer\"><img loading=\"lazy\" class=\"alignleft wp-image-17888\" src=\"https:\/\/lupanhandpans.com\/wp-content\/uploads\/2019\/05\/facebook.png\" alt=\"\" width=\"30\" height=\"30\" \/><\/a><a href=\"https:\/\/www.instagram.com\/marklupan\/\" target=\"_blank\" rel=\"noopener noreferrer\"><img loading=\"lazy\" class=\"alignleft wp-image-17890\" src=\"https:\/\/lupanhandpans.com\/wp-content\/uploads\/2019\/05\/Instagram.png\" alt=\"\" width=\"30\" height=\"30\" \/><\/a><a href=\"https:\/\/www.youtube.com\/lupanhandpans\" target=\"_blank\" rel=\"noopener noreferrer\"><img loading=\"lazy\" class=\"alignleft wp-image-17894\" src=\"https:\/\/lupanhandpans.com\/wp-content\/uploads\/2019\/05\/youtube.png\" alt=\"\" width=\"30\" height=\"30\" \/><\/a><a href=\"mailto:lupanhandpans@yahoo.com \"><img loading=\"lazy\" class=\"alignleft wp-image-17892\" src=\"https:\/\/lupanhandpans.com\/wp-content\/uploads\/2019\/05\/mail.png\" alt=\"\" width=\"30\" height=\"30\" \/><\/a><\/p>\n\n\t\t<\/div> \n\t<\/div> <\/div><\/div><\/div><div class=\"wpb_column vc_column_container vc_col-sm-3\"><div class=\"vc_column-inner\"><div class=\"wpb_wrapper\"><\/div><\/div><\/div><\/div><\/div>\t<div class=\"vc_empty_space\"  style=\"height: 32px\" ><span\n\t\t\tclass=\"vc_empty_space_inner\">\n\t\t\t<span class=\"empty_space_image\"  ><\/span>\n\t\t<\/span><\/div>\n\n\n\t<div class=\"wpb_text_column wpb_content_element \">\n\t\t<div class=\"wpb_wrapper\">\n\t\t\t<h6 style=\"text-align: center;\"><span style=\"color: #ffffff;\">Copyright 2019 \u00a9 Lupan Handpans | <a style=\"color: #ffffff;\" href=\"\/de\/privacy-policy\/\">Privacy Policy<\/a> | <a style=\"color: #ffffff;\" href=\"\/de\/cookies\/\">Cookies Policy<\/a><\/span><\/h6>\n\n\t\t<\/div> \n\t<\/div> <div      class=\"vc_row wpb_row section vc_row-fluid vc_inner \" style=' text-align:left;'><div class=\" full_section_inner clearfix\"><div class=\"wpb_column vc_column_container vc_col-sm-12 vc_hidden-sm vc_hidden-xs\"><div class=\"vc_column-inner\"><div class=\"wpb_wrapper\">\t<div class=\"vc_empty_space\"  style=\"height: 100px\" ><span\n\t\t\tclass=\"vc_empty_space_inner\">\n\t\t\t<span class=\"empty_space_image\"  ><\/span>\n\t\t<\/span><\/div>\n\n<\/div><\/div><\/div><\/div><\/div><\/div><\/div><\/div><\/div><\/div><\/div>\n","protected":false},"excerpt":{"rendered":"F.A.Q. Was ist eine Handpan? Die Handpan ist ein von den karibischen Steel Pans abgeleitetes Hand Percussion Instrument. Es besteht aus Stahlblech (in der Regel 1 mm oder 1,2 mm dick). Es wird meist von Hand mit verschiedenen H\u00e4mmern geformt, wodurch mehrere getrennte Membranen entstehen,...","protected":false},"author":1,"featured_media":0,"parent":0,"menu_order":0,"comment_status":"closed","ping_status":"closed","template":"full_width.php","meta":[],"yoast_head":"<!-- This site is optimized with the Yoast SEO plugin v17.4 - https:\/\/yoast.com\/wordpress\/plugins\/seo\/ -->\n<title>F.A.Q. - Lupan Handpans<\/title>\n<meta name=\"robots\" content=\"index, follow, max-snippet:-1, max-image-preview:large, max-video-preview:-1\" \/>\n<link rel=\"canonical\" href=\"https:\/\/lupanhandpans.com\/de\/f-a-q\/\" \/>\n<meta property=\"og:locale\" content=\"de_DE\" \/>\n<meta property=\"og:type\" content=\"article\" \/>\n<meta property=\"og:title\" content=\"F.A.Q. - Lupan Handpans\" \/>\n<meta property=\"og:url\" content=\"https:\/\/lupanhandpans.com\/de\/f-a-q\/\" \/>\n<meta property=\"og:site_name\" content=\"Lupan Handpans\" \/>\n<meta property=\"article:modified_time\" content=\"2022-12-26T20:48:08+00:00\" \/>\n<meta property=\"og:image\" content=\"https:\/\/lupanhandpans.com\/wp-content\/uploads\/2019\/05\/facebook.png\" \/>\n<meta name=\"twitter:card\" content=\"summary_large_image\" \/>\n<meta name=\"twitter:label1\" content=\"Gesch\u00e4tzte Lesezeit\" \/>\n\t<meta name=\"twitter:data1\" content=\"4\u00a0Minuten\" \/>\n<script type=\"application\/ld+json\" class=\"yoast-schema-graph\">{\"@context\":\"https:\/\/schema.org\",\"@graph\":[{\"@type\":\"WebSite\",\"@id\":\"https:\/\/lupanhandpans.com\/#website\",\"url\":\"https:\/\/lupanhandpans.com\/\",\"name\":\"Lupan Handpans\",\"description\":\"Instrumentos\",\"potentialAction\":[{\"@type\":\"SearchAction\",\"target\":{\"@type\":\"EntryPoint\",\"urlTemplate\":\"https:\/\/lupanhandpans.com\/?s={search_term_string}\"},\"query-input\":\"required name=search_term_string\"}],\"inLanguage\":\"de\"},{\"@type\":\"ImageObject\",\"@id\":\"https:\/\/lupanhandpans.com\/de\/f-a-q\/#primaryimage\",\"inLanguage\":\"de\",\"url\":\"https:\/\/lupanhandpans.com\/wp-content\/uploads\/2019\/05\/facebook.png\",\"contentUrl\":\"https:\/\/lupanhandpans.com\/wp-content\/uploads\/2019\/05\/facebook.png\",\"width\":49,\"height\":49},{\"@type\":\"WebPage\",\"@id\":\"https:\/\/lupanhandpans.com\/de\/f-a-q\/#webpage\",\"url\":\"https:\/\/lupanhandpans.com\/de\/f-a-q\/\",\"name\":\"F.A.Q. - Lupan Handpans\",\"isPartOf\":{\"@id\":\"https:\/\/lupanhandpans.com\/#website\"},\"primaryImageOfPage\":{\"@id\":\"https:\/\/lupanhandpans.com\/de\/f-a-q\/#primaryimage\"},\"datePublished\":\"2019-05-29T07:53:31+00:00\",\"dateModified\":\"2022-12-26T20:48:08+00:00\",\"breadcrumb\":{\"@id\":\"https:\/\/lupanhandpans.com\/de\/f-a-q\/#breadcrumb\"},\"inLanguage\":\"de\",\"potentialAction\":[{\"@type\":\"ReadAction\",\"target\":[\"https:\/\/lupanhandpans.com\/de\/f-a-q\/\"]}]},{\"@type\":\"BreadcrumbList\",\"@id\":\"https:\/\/lupanhandpans.com\/de\/f-a-q\/#breadcrumb\",\"itemListElement\":[{\"@type\":\"ListItem\",\"position\":1,\"name\":\"Home\",\"item\":\"https:\/\/lupanhandpans.com\/de\/home\/\"},{\"@type\":\"ListItem\",\"position\":2,\"name\":\"F.A.Q.\"}]}]}<\/script>\n<!-- \/ Yoast SEO plugin. -->","yoast_head_json":{"title":"F.A.Q. - Lupan Handpans","robots":{"index":"index","follow":"follow","max-snippet":"max-snippet:-1","max-image-preview":"max-image-preview:large","max-video-preview":"max-video-preview:-1"},"canonical":"https:\/\/lupanhandpans.com\/de\/f-a-q\/","og_locale":"de_DE","og_type":"article","og_title":"F.A.Q. - Lupan Handpans","og_url":"https:\/\/lupanhandpans.com\/de\/f-a-q\/","og_site_name":"Lupan Handpans","article_modified_time":"2022-12-26T20:48:08+00:00","og_image":[{"url":"https:\/\/lupanhandpans.com\/wp-content\/uploads\/2019\/05\/facebook.png"}],"twitter_card":"summary_large_image","twitter_misc":{"Gesch\u00e4tzte Lesezeit":"4\u00a0Minuten"},"schema":{"@context":"https:\/\/schema.org","@graph":[{"@type":"WebSite","@id":"https:\/\/lupanhandpans.com\/#website","url":"https:\/\/lupanhandpans.com\/","name":"Lupan Handpans","description":"Instrumentos","potentialAction":[{"@type":"SearchAction","target":{"@type":"EntryPoint","urlTemplate":"https:\/\/lupanhandpans.com\/?s={search_term_string}"},"query-input":"required name=search_term_string"}],"inLanguage":"de"},{"@type":"ImageObject","@id":"https:\/\/lupanhandpans.com\/de\/f-a-q\/#primaryimage","inLanguage":"de","url":"https:\/\/lupanhandpans.com\/wp-content\/uploads\/2019\/05\/facebook.png","contentUrl":"https:\/\/lupanhandpans.com\/wp-content\/uploads\/2019\/05\/facebook.png","width":49,"height":49},{"@type":"WebPage","@id":"https:\/\/lupanhandpans.com\/de\/f-a-q\/#webpage","url":"https:\/\/lupanhandpans.com\/de\/f-a-q\/","name":"F.A.Q. - Lupan Handpans","isPartOf":{"@id":"https:\/\/lupanhandpans.com\/#website"},"primaryImageOfPage":{"@id":"https:\/\/lupanhandpans.com\/de\/f-a-q\/#primaryimage"},"datePublished":"2019-05-29T07:53:31+00:00","dateModified":"2022-12-26T20:48:08+00:00","breadcrumb":{"@id":"https:\/\/lupanhandpans.com\/de\/f-a-q\/#breadcrumb"},"inLanguage":"de","potentialAction":[{"@type":"ReadAction","target":["https:\/\/lupanhandpans.com\/de\/f-a-q\/"]}]},{"@type":"BreadcrumbList","@id":"https:\/\/lupanhandpans.com\/de\/f-a-q\/#breadcrumb","itemListElement":[{"@type":"ListItem","position":1,"name":"Home","item":"https:\/\/lupanhandpans.com\/de\/home\/"},{"@type":"ListItem","position":2,"name":"F.A.Q."}]}]}},"_links":{"self":[{"href":"https:\/\/lupanhandpans.com\/de\/wp-json\/wp\/v2\/pages\/16599"}],"collection":[{"href":"https:\/\/lupanhandpans.com\/de\/wp-json\/wp\/v2\/pages"}],"about":[{"href":"https:\/\/lupanhandpans.com\/de\/wp-json\/wp\/v2\/types\/page"}],"author":[{"embeddable":true,"href":"https:\/\/lupanhandpans.com\/de\/wp-json\/wp\/v2\/users\/1"}],"replies":[{"embeddable":true,"href":"https:\/\/lupanhandpans.com\/de\/wp-json\/wp\/v2\/comments?post=16599"}],"version-history":[{"count":9,"href":"https:\/\/lupanhandpans.com\/de\/wp-json\/wp\/v2\/pages\/16599\/revisions"}],"predecessor-version":[{"id":18365,"href":"https:\/\/lupanhandpans.com\/de\/wp-json\/wp\/v2\/pages\/16599\/revisions\/18365"}],"wp:attachment":[{"href":"https:\/\/lupanhandpans.com\/de\/wp-json\/wp\/v2\/media?parent=16599"}],"curies":[{"name":"wp","href":"https:\/\/api.w.org\/{rel}","templated":true}]}}