{"id":15652,"date":"2019-03-22T12:50:05","date_gmt":"2019-03-22T12:50:05","guid":{"rendered":"https:\/\/lupanhandpans.com\/?page_id=15652"},"modified":"2022-12-26T20:51:50","modified_gmt":"2022-12-26T20:51:50","slug":"f-a-q","status":"publish","type":"page","link":"https:\/\/lupanhandpans.com\/es\/f-a-q\/","title":{"rendered":"F.A.Q."},"content":{"rendered":"<div      class=\"vc_row wpb_row section vc_row-fluid  vc_custom_1557233478072 grid_section\" style=' text-align:left;'><div class=\" section_inner clearfix\"><div class='section_inner_margin clearfix'><div class=\"wpb_column vc_column_container vc_col-sm-12\"><div class=\"vc_column-inner\"><div class=\"wpb_wrapper\">\t<div class=\"vc_empty_space\"  style=\"height: 100px\" ><span\n\t\t\tclass=\"vc_empty_space_inner\">\n\t\t\t<span class=\"empty_space_image\"  ><\/span>\n\t\t<\/span><\/div>\n\n<div      class=\"vc_row wpb_row section vc_row-fluid vc_inner \" style=' text-align:left;'><div class=\" full_section_inner clearfix\"><div class=\"wpb_column vc_column_container vc_col-sm-12 vc_hidden-sm vc_hidden-xs\"><div class=\"vc_column-inner\"><div class=\"wpb_wrapper\">\t<div class=\"vc_empty_space\"  style=\"height: 50px\" ><span\n\t\t\tclass=\"vc_empty_space_inner\">\n\t\t\t<span class=\"empty_space_image\"  ><\/span>\n\t\t<\/span><\/div>\n\n<\/div><\/div><\/div><\/div><\/div><div      class=\"vc_row wpb_row section vc_row-fluid vc_inner \" style=' text-align:left;'><div class=\" full_section_inner clearfix\"><div class=\"wpb_column vc_column_container vc_col-sm-12\"><div class=\"vc_column-inner\"><div class=\"wpb_wrapper\">\t<div class=\"vc_empty_space\"  style=\"height: 42px\" ><span\n\t\t\tclass=\"vc_empty_space_inner\">\n\t\t\t<span class=\"empty_space_image\"  ><\/span>\n\t\t<\/span><\/div>\n\n\n\t<div class=\"wpb_text_column wpb_content_element \">\n\t\t<div class=\"wpb_wrapper\">\n\t\t\t<h1 style=\"text-align: center;\"><span style=\"color: #ffffff;\">F.A.Q.<\/span><\/h1>\n\n\t\t<\/div> \n\t<\/div> \t<div class=\"vc_empty_space\"  style=\"height: 22px\" ><span\n\t\t\tclass=\"vc_empty_space_inner\">\n\t\t\t<span class=\"empty_space_image\"  ><\/span>\n\t\t<\/span><\/div>\n\n\n\t<div class=\"wpb_text_column wpb_content_element \">\n\t\t<div class=\"wpb_wrapper\">\n\t\t\t<p><span style=\"color: #ffffff;\"><strong>\u00bfQu\u00e9 es un handpan?<\/strong><\/span><\/p>\n<p><span style=\"color: #ffffff;\">El handpan es un instrumento de percusi\u00f3n de mano derivado de los steel pan del Caribe (tambores met\u00e1licos de Trinidad y Tobago). Est\u00e1 hecho de chapa de acero (normalmente de 1 mm o 1,2 mm de grosor). La mayor parte de la chapa se forma a mano con diferentes martillos, creando varias membranas separadas que se afinan en una escala determinada. La nota central (llamada Ding) es la nota m\u00e1s baja. Cada membrana tiene al menos 3 notas afinadas en ella, la fundamental y los arm\u00f3nicos. As\u00ed que cuando tocas una membrana escuchas 3 notas. La fundamental, la octava y su quinta. Por ejemplo A3\/A4\/E5. Para las notas m\u00e1s altas, se afinan 2 octavas (D5\/D6\/D6).<\/span><\/p>\n<p>&nbsp;<\/p>\n<p><span style=\"color: #ffffff;\">Todo el trabajo modelado y de afinaci\u00f3n se realiza a mano, esto hace que cada handpan sea \u00fanico. <\/span><br \/>\n<span style=\"color: #ffffff;\">\u00a0<\/span><\/p>\n<p>&nbsp;<\/p>\n<p>&nbsp;<\/p>\n<p><span style=\"color: #ffffff;\"><strong>\u00bfCu\u00e1les son los criterios de calidad?<\/strong><\/span><\/p>\n<p>&nbsp;<\/p>\n<p><span style=\"color: #ffffff;\">1. \u00bfQu\u00e9 hace un buen sonido? En primer lugar una fuerte nota fundamental. Eso significa una nota estable con un cuerpo lleno y con la cantidad justa de sustain. Los arm\u00f3nicos deben brillar, pero sin tapar la fundamental. Usted debe ser capaz de tener un sonido lleno o aislar f\u00e1cilmente los arm\u00f3nicos dependiendo de la t\u00e9cnica utilizada. Las Notas no deben interferir entre s\u00ed (interferencia). Esto significa que cada membrana debe tener un sonido lleno sin activar la que est\u00e1 junto a ella. <\/span><\/p>\n<p>&nbsp;<\/p>\n<p><span style=\"color: #ffffff;\">2. Las membranas necesitan la cantidad correcta de tensi\u00f3n para no perder el control (tambalearse) cuando se tocan mas fuerte. Todas las notas deben estar equilibradas, es decir, tener un volumen y un sustain similares.<\/span><\/p>\n<p>&nbsp;<\/p>\n<p><span style=\"color: #ffffff;\">3. La forma de las notas, el tratamiento t\u00e9rmico y la t\u00e9cnica de afinaci\u00f3n tienen una gran influencia en la estabilidad de la afinaci\u00f3n. Sin embargo, todos los handpans y steel pans se desafinan ligeramente con el paso de los a\u00f1os, esto se debe a procesos del propio metal. M\u00fasicos profesionales llevan sus instrumentos para una reafinacion cada 2 a\u00f1os.<\/span><\/p>\n<p>&nbsp;<\/p>\n<p><span style=\"color: #ffffff;\">Por \u00faltimo, pero no por ello menos importante, el material debe estar suficientemente protegido contra la corrosi\u00f3n.\u00a0<\/span><\/p>\n<p>&nbsp;<\/p>\n<p>&nbsp;<\/p>\n<p>&nbsp;<\/p>\n<p><span style=\"color: #ffffff;\"><strong>\u00bfC\u00f3mo puedo <a style=\"color: #ffffff;\" href=\"\/es\/comprar\/\">comprar un instrumento<\/a>?<\/strong><\/span><\/p>\n<p>&nbsp;<\/p>\n<p><span style=\"color: #ffffff;\">La mejor manera es venir a visitar nuestro taller cerca de Barcelona y elegir un instrumento.<\/span><\/p>\n<p><span style=\"color: #ffffff;\">Tambi\u00e9n puede consultar la secci\u00f3n <a style=\"color: #ffffff;\" href=\"\/es\/comprar\/\">comprar<\/a> o encargar uno <a style=\"color: #ffffff;\" href=\"\/es\/pedir\/\">aqu\u00ed <\/a><\/span><\/p>\n<p>&nbsp;<\/p>\n<p>&nbsp;<\/p>\n<p>&nbsp;<\/p>\n<p><span style=\"color: #ffffff;\"><strong>\u00bfC\u00f3mo elijo un escala?<\/strong><\/span><\/p>\n<p>&nbsp;<\/p>\n<p><span style=\"color: #ffffff;\">Puedes ver los videos de los diferentes modelos de sonido y descubrir qu\u00e9 escala vibra mas contigo. De todos modos, hay todo un universo de posibilidades musicales en cualquiera de las escalas. En el men\u00fa encontrar\u00e1 una lista de escalas que funcionan bien.<\/span><\/p>\n<p>&nbsp;<\/p>\n<p>&nbsp;<\/p>\n<p><span style=\"color: #ffffff;\"><strong>\u00bfLos Lupan handpans est\u00e1n nitrurados y qu\u00e9 material se utiliza?<\/strong><\/span><\/p>\n<p>&nbsp;<\/p>\n<p><span style=\"color: #ffffff;\">Usamos chapa de acero DC04 nitrurado, acero inoxidable AISI 430 y acero inoxidable \u00abember\u00bb.\u00a0<\/span><\/p>\n<p>&nbsp;<\/p>\n<p>&nbsp;<\/p>\n<p><span style=\"color: #ffffff;\"><strong>\u00bfCu\u00e1l es el precio de los diferentes <a style=\"color: #ffffff;\" href=\"\/es\/intrumentos\/\">modelos de sonido<\/a>?<\/strong><\/span><\/p>\n<p><span style=\"color: #ffffff;\">8 Notas + Ding (9 Notas en total): 1450 euros<\/span><\/p>\n<p><span style=\"color: #ffffff;\">9 Notas + Ding (10 Notas en total): 1600 euros<\/span><\/p>\n<p><span style=\"color: #ffffff;\">Funda blanda Smarty Repet: 80 euros<\/span><\/p>\n<p><span style=\"color: #ffffff;\">Evatek Talla M: 150 euros<\/span><\/p>\n<p><span style=\"color: #ffffff;\">Aviotek Flight case: 300 euros<\/span><\/p>\n<p><span style=\"color: #ffffff;\">Envio Europa: 60 euros<\/span><\/p>\n<p><span style=\"color: #ffffff;\">Envio Internacional: 150 euros<\/span><\/p>\n<p>&nbsp;<\/p>\n<p><span style=\"color: #ffffff;\">Para notas abajo, c\u00edclopes o mutantes, p\u00f3ngase en <a style=\"color: #ffffff;\" href=\"\/es\/contacto\/\">contacto con nosotros.<\/a><\/span><\/p>\n<p>&nbsp;<\/p>\n<p>&nbsp;<\/p>\n<p>&nbsp;<\/p>\n<p><span style=\"color: #ffffff;\"><strong>\u00bfC\u00f3mo debo cuidar el instrumento?<\/strong><\/span><\/p>\n<p><span style=\"color: #ffffff;\">Evite el agua salada y la humedad y aseg\u00farese de que la funda est\u00e9 seca. La mejor manera de limpiar y proteger su handpan es poner unas gotas de aceite (Phoenix, Ballistol o Froglube) en un peque\u00f1o trozo de tela y extenderlo por toda la superficie. Luego tome un poco de papel de cocina (o papel higi\u00e9nico) y limpie el exceso. El resultado es una superficie limpia con una capa muy fina de aceite que la protege.<\/span><\/p>\n<p>&nbsp;<\/p>\n<p><span style=\"color: #ffffff;\">Man\u00e9jelo con cuidado y prot\u00e9jalo de cualquier presi\u00f3n o impacto en la superficie de las notas. Evite la luz directa del sol o el calor en la superficie.<\/span><\/p>\n<p>&nbsp;<\/p>\n<p>&nbsp;<\/p>\n<p>&nbsp;<\/p>\n<p><span style=\"color: #ffffff;\"><strong><span style=\"color: #ffffff;\">\u00bfQu\u00e9 pasa si quiero volver a afinar mi handpan<\/span> o si hay alg\u00fan problema con \u00e9l?<\/strong><\/span><\/p>\n<p><span style=\"color: #ffffff;\">S\u00f3lo contacta con nosotros. Estamos feliz de ofrecer servicio de por vida para nuestros instrumentos.<\/span><\/p>\n\n\t\t<\/div> \n\t<\/div> \t<div class=\"vc_empty_space\"  style=\"height: 100px\" ><span\n\t\t\tclass=\"vc_empty_space_inner\">\n\t\t\t<span class=\"empty_space_image\"  ><\/span>\n\t\t<\/span><\/div>\n\n<\/div><\/div><\/div><\/div><\/div><div      class=\"vc_row wpb_row section vc_row-fluid vc_inner \" style=' text-align:left;'><div class=\" full_section_inner clearfix\"><div class=\"wpb_column vc_column_container vc_col-sm-3 vc_hidden-sm vc_hidden-xs\"><div class=\"vc_column-inner\"><div class=\"wpb_wrapper\"><\/div><\/div><\/div><div class=\"wpb_column vc_column_container vc_col-sm-2\"><div class=\"vc_column-inner\"><div class=\"wpb_wrapper\"><\/div><\/div><\/div><div class=\"wpb_column vc_column_container vc_col-sm-4\"><div class=\"vc_column-inner\"><div class=\"wpb_wrapper\">\n\t<div class=\"wpb_text_column wpb_content_element \">\n\t\t<div class=\"wpb_wrapper\">\n\t\t\t<p><a href=\"https:\/\/www.facebook.com\/lupanhandpans\/\" target=\"_blank\" rel=\"noopener noreferrer\"><img loading=\"lazy\" class=\"alignleft wp-image-16079\" src=\"https:\/\/lupanhandpans.com\/wp-content\/uploads\/2019\/05\/facebook.png\" alt=\"\" width=\"30\" height=\"30\" \/><\/a><a href=\"https:\/\/www.instagram.com\/marklupan\/\" target=\"_blank\" rel=\"noopener noreferrer\"><img loading=\"lazy\" class=\"alignleft wp-image-16080\" src=\"https:\/\/lupanhandpans.com\/wp-content\/uploads\/2019\/05\/Instagram.png\" alt=\"\" width=\"30\" height=\"30\" \/><\/a><a href=\"https:\/\/www.youtube.com\/lupanhandpans\" target=\"_blank\" rel=\"noopener noreferrer\"><img loading=\"lazy\" class=\"alignleft wp-image-16082\" src=\"https:\/\/lupanhandpans.com\/wp-content\/uploads\/2019\/05\/youtube.png\" alt=\"\" width=\"30\" height=\"30\" \/><\/a><a href=\"mailto:lupanhandpans@yahoo.com \"><img loading=\"lazy\" class=\"alignleft wp-image-16081\" src=\"https:\/\/lupanhandpans.com\/wp-content\/uploads\/2019\/05\/mail.png\" alt=\"\" width=\"30\" height=\"30\" \/><\/a><\/p>\n\n\t\t<\/div> \n\t<\/div> <\/div><\/div><\/div><div class=\"wpb_column vc_column_container vc_col-sm-3\"><div class=\"vc_column-inner\"><div class=\"wpb_wrapper\"><\/div><\/div><\/div><\/div><\/div>\t<div class=\"vc_empty_space\"  style=\"height: 32px\" ><span\n\t\t\tclass=\"vc_empty_space_inner\">\n\t\t\t<span class=\"empty_space_image\"  ><\/span>\n\t\t<\/span><\/div>\n\n\n\t<div class=\"wpb_text_column wpb_content_element \">\n\t\t<div class=\"wpb_wrapper\">\n\t\t\t<h6 style=\"text-align: center;\"><span style=\"color: #ffffff;\">Copyright 2019 \u00a9 Lupan Handpans | <a style=\"color: #ffffff;\" href=\"\/es\/privacy-policy\/\">Pol\u00edtica de privacidad<\/a> | <a style=\"color: #ffffff;\" href=\"\/es\/cookies\/\">Pol\u00edtica de cookies<\/a><\/span><\/h6>\n\n\t\t<\/div> \n\t<\/div> <div      class=\"vc_row wpb_row section vc_row-fluid vc_inner \" style=' text-align:left;'><div class=\" full_section_inner clearfix\"><div class=\"wpb_column vc_column_container vc_col-sm-12 vc_hidden-sm vc_hidden-xs\"><div class=\"vc_column-inner\"><div class=\"wpb_wrapper\">\t<div class=\"vc_empty_space\"  style=\"height: 100px\" ><span\n\t\t\tclass=\"vc_empty_space_inner\">\n\t\t\t<span class=\"empty_space_image\"  ><\/span>\n\t\t<\/span><\/div>\n\n<\/div><\/div><\/div><\/div><\/div><\/div><\/div><\/div><\/div><\/div><\/div>\n","protected":false},"excerpt":{"rendered":"F.A.Q. \u00bfQu\u00e9 es un handpan? El handpan es un instrumento de percusi\u00f3n de mano derivado de los steel pan del Caribe (tambores met\u00e1licos de Trinidad y Tobago). Est\u00e1 hecho de chapa de acero (normalmente de 1 mm o 1,2 mm de grosor). La mayor parte...","protected":false},"author":1,"featured_media":0,"parent":0,"menu_order":0,"comment_status":"closed","ping_status":"closed","template":"full_width.php","meta":[],"yoast_head":"<!-- This site is optimized with the Yoast SEO plugin v17.4 - https:\/\/yoast.com\/wordpress\/plugins\/seo\/ -->\n<title>F.A.Q. - Lupan Handpans<\/title>\n<meta name=\"robots\" content=\"index, follow, max-snippet:-1, max-image-preview:large, max-video-preview:-1\" \/>\n<link rel=\"canonical\" href=\"https:\/\/lupanhandpans.com\/es\/f-a-q\/\" \/>\n<meta property=\"og:locale\" content=\"es_ES\" \/>\n<meta property=\"og:type\" content=\"article\" \/>\n<meta property=\"og:title\" content=\"F.A.Q. - Lupan Handpans\" \/>\n<meta property=\"og:url\" content=\"https:\/\/lupanhandpans.com\/es\/f-a-q\/\" \/>\n<meta property=\"og:site_name\" content=\"Lupan Handpans\" \/>\n<meta property=\"article:modified_time\" content=\"2022-12-26T20:51:50+00:00\" \/>\n<meta property=\"og:image\" content=\"https:\/\/lupanhandpans.com\/wp-content\/uploads\/2019\/05\/facebook.png\" \/>\n<meta name=\"twitter:card\" content=\"summary_large_image\" \/>\n<meta name=\"twitter:label1\" content=\"Tiempo de lectura\" \/>\n\t<meta name=\"twitter:data1\" content=\"4 minutos\" \/>\n<script type=\"application\/ld+json\" class=\"yoast-schema-graph\">{\"@context\":\"https:\/\/schema.org\",\"@graph\":[{\"@type\":\"WebSite\",\"@id\":\"https:\/\/lupanhandpans.com\/#website\",\"url\":\"https:\/\/lupanhandpans.com\/\",\"name\":\"Lupan Handpans\",\"description\":\"Instrumentos\",\"potentialAction\":[{\"@type\":\"SearchAction\",\"target\":{\"@type\":\"EntryPoint\",\"urlTemplate\":\"https:\/\/lupanhandpans.com\/?s={search_term_string}\"},\"query-input\":\"required name=search_term_string\"}],\"inLanguage\":\"es\"},{\"@type\":\"ImageObject\",\"@id\":\"https:\/\/lupanhandpans.com\/es\/f-a-q\/#primaryimage\",\"inLanguage\":\"es\",\"url\":\"https:\/\/lupanhandpans.com\/wp-content\/uploads\/2019\/05\/facebook.png\",\"contentUrl\":\"https:\/\/lupanhandpans.com\/wp-content\/uploads\/2019\/05\/facebook.png\",\"width\":49,\"height\":49},{\"@type\":\"WebPage\",\"@id\":\"https:\/\/lupanhandpans.com\/es\/f-a-q\/#webpage\",\"url\":\"https:\/\/lupanhandpans.com\/es\/f-a-q\/\",\"name\":\"F.A.Q. - Lupan Handpans\",\"isPartOf\":{\"@id\":\"https:\/\/lupanhandpans.com\/#website\"},\"primaryImageOfPage\":{\"@id\":\"https:\/\/lupanhandpans.com\/es\/f-a-q\/#primaryimage\"},\"datePublished\":\"2019-03-22T12:50:05+00:00\",\"dateModified\":\"2022-12-26T20:51:50+00:00\",\"breadcrumb\":{\"@id\":\"https:\/\/lupanhandpans.com\/es\/f-a-q\/#breadcrumb\"},\"inLanguage\":\"es\",\"potentialAction\":[{\"@type\":\"ReadAction\",\"target\":[\"https:\/\/lupanhandpans.com\/es\/f-a-q\/\"]}]},{\"@type\":\"BreadcrumbList\",\"@id\":\"https:\/\/lupanhandpans.com\/es\/f-a-q\/#breadcrumb\",\"itemListElement\":[{\"@type\":\"ListItem\",\"position\":1,\"name\":\"Home\",\"item\":\"https:\/\/lupanhandpans.com\/es\/\"},{\"@type\":\"ListItem\",\"position\":2,\"name\":\"F.A.Q.\"}]}]}<\/script>\n<!-- \/ Yoast SEO plugin. -->","yoast_head_json":{"title":"F.A.Q. - Lupan Handpans","robots":{"index":"index","follow":"follow","max-snippet":"max-snippet:-1","max-image-preview":"max-image-preview:large","max-video-preview":"max-video-preview:-1"},"canonical":"https:\/\/lupanhandpans.com\/es\/f-a-q\/","og_locale":"es_ES","og_type":"article","og_title":"F.A.Q. - Lupan Handpans","og_url":"https:\/\/lupanhandpans.com\/es\/f-a-q\/","og_site_name":"Lupan Handpans","article_modified_time":"2022-12-26T20:51:50+00:00","og_image":[{"url":"https:\/\/lupanhandpans.com\/wp-content\/uploads\/2019\/05\/facebook.png"}],"twitter_card":"summary_large_image","twitter_misc":{"Tiempo de lectura":"4 minutos"},"schema":{"@context":"https:\/\/schema.org","@graph":[{"@type":"WebSite","@id":"https:\/\/lupanhandpans.com\/#website","url":"https:\/\/lupanhandpans.com\/","name":"Lupan Handpans","description":"Instrumentos","potentialAction":[{"@type":"SearchAction","target":{"@type":"EntryPoint","urlTemplate":"https:\/\/lupanhandpans.com\/?s={search_term_string}"},"query-input":"required name=search_term_string"}],"inLanguage":"es"},{"@type":"ImageObject","@id":"https:\/\/lupanhandpans.com\/es\/f-a-q\/#primaryimage","inLanguage":"es","url":"https:\/\/lupanhandpans.com\/wp-content\/uploads\/2019\/05\/facebook.png","contentUrl":"https:\/\/lupanhandpans.com\/wp-content\/uploads\/2019\/05\/facebook.png","width":49,"height":49},{"@type":"WebPage","@id":"https:\/\/lupanhandpans.com\/es\/f-a-q\/#webpage","url":"https:\/\/lupanhandpans.com\/es\/f-a-q\/","name":"F.A.Q. - Lupan Handpans","isPartOf":{"@id":"https:\/\/lupanhandpans.com\/#website"},"primaryImageOfPage":{"@id":"https:\/\/lupanhandpans.com\/es\/f-a-q\/#primaryimage"},"datePublished":"2019-03-22T12:50:05+00:00","dateModified":"2022-12-26T20:51:50+00:00","breadcrumb":{"@id":"https:\/\/lupanhandpans.com\/es\/f-a-q\/#breadcrumb"},"inLanguage":"es","potentialAction":[{"@type":"ReadAction","target":["https:\/\/lupanhandpans.com\/es\/f-a-q\/"]}]},{"@type":"BreadcrumbList","@id":"https:\/\/lupanhandpans.com\/es\/f-a-q\/#breadcrumb","itemListElement":[{"@type":"ListItem","position":1,"name":"Home","item":"https:\/\/lupanhandpans.com\/es\/"},{"@type":"ListItem","position":2,"name":"F.A.Q."}]}]}},"_links":{"self":[{"href":"https:\/\/lupanhandpans.com\/es\/wp-json\/wp\/v2\/pages\/15652"}],"collection":[{"href":"https:\/\/lupanhandpans.com\/es\/wp-json\/wp\/v2\/pages"}],"about":[{"href":"https:\/\/lupanhandpans.com\/es\/wp-json\/wp\/v2\/types\/page"}],"author":[{"embeddable":true,"href":"https:\/\/lupanhandpans.com\/es\/wp-json\/wp\/v2\/users\/1"}],"replies":[{"embeddable":true,"href":"https:\/\/lupanhandpans.com\/es\/wp-json\/wp\/v2\/comments?post=15652"}],"version-history":[{"count":32,"href":"https:\/\/lupanhandpans.com\/es\/wp-json\/wp\/v2\/pages\/15652\/revisions"}],"predecessor-version":[{"id":18366,"href":"https:\/\/lupanhandpans.com\/es\/wp-json\/wp\/v2\/pages\/15652\/revisions\/18366"}],"wp:attachment":[{"href":"https:\/\/lupanhandpans.com\/es\/wp-json\/wp\/v2\/media?parent=15652"}],"curies":[{"name":"wp","href":"https:\/\/api.w.org\/{rel}","templated":true}]}}