{"id":15665,"date":"2019-03-22T13:13:11","date_gmt":"2019-03-22T13:13:11","guid":{"rendered":"https:\/\/lupanhandpans.com\/?page_id=15665"},"modified":"2021-06-23T13:02:36","modified_gmt":"2021-06-23T13:02:36","slug":"videos","status":"publish","type":"page","link":"https:\/\/lupanhandpans.com\/es\/videos\/","title":{"rendered":"Videos"},"content":{"rendered":"<div      class=\"vc_row wpb_row section vc_row-fluid  vc_custom_1557231403889 grid_section\" style=' text-align:left;'><div class=\" section_inner clearfix\"><div class='section_inner_margin clearfix'><div class=\"wpb_column vc_column_container vc_col-sm-12\"><div class=\"vc_column-inner\"><div class=\"wpb_wrapper\">\t<div class=\"vc_empty_space\"  style=\"height: 100px\" ><span\n\t\t\tclass=\"vc_empty_space_inner\">\n\t\t\t<span class=\"empty_space_image\"  ><\/span>\n\t\t<\/span><\/div>\n\n<div      class=\"vc_row wpb_row section vc_row-fluid vc_inner \" style=' text-align:left;'><div class=\" full_section_inner clearfix\"><div class=\"wpb_column vc_column_container vc_col-sm-12 vc_hidden-sm vc_hidden-xs\"><div class=\"vc_column-inner\"><div class=\"wpb_wrapper\">\t<div class=\"vc_empty_space\"  style=\"height: 50px\" ><span\n\t\t\tclass=\"vc_empty_space_inner\">\n\t\t\t<span class=\"empty_space_image\"  ><\/span>\n\t\t<\/span><\/div>\n\n<\/div><\/div><\/div><\/div><\/div><div      class=\"vc_row wpb_row section vc_row-fluid vc_inner \" style=' text-align:left;'><div class=\" full_section_inner clearfix\"><div class=\"wpb_column vc_column_container vc_col-sm-12\"><div class=\"vc_column-inner\"><div class=\"wpb_wrapper\">\t<div class=\"vc_empty_space\"  style=\"height: 42px\" ><span\n\t\t\tclass=\"vc_empty_space_inner\">\n\t\t\t<span class=\"empty_space_image\"  ><\/span>\n\t\t<\/span><\/div>\n\n\n\t<div class=\"wpb_text_column wpb_content_element \">\n\t\t<div class=\"wpb_wrapper\">\n\t\t\t<h1 class=\"entry-title\" style=\"text-align: center;\"><span style=\"color: #ffffff;\">V\u00eddeos<\/span><\/h1>\n\n\t\t<\/div> \n\t<\/div> \t<div class=\"vc_empty_space\"  style=\"height: 22px\" ><span\n\t\t\tclass=\"vc_empty_space_inner\">\n\t\t\t<span class=\"empty_space_image\"  ><\/span>\n\t\t<\/span><\/div>\n\n\n\t<div class=\"wpb_text_column wpb_content_element \">\n\t\t<div class=\"wpb_wrapper\">\n\t\t\t<p style=\"text-align: center;\"><span style=\"color: #ffffff;\">Aqu\u00ed puedes encontrar una selecci\u00f3n de V\u00eddeos de Lupan handpans tocados por diferentes m\u00fasicos. En la secci\u00f3n <span style=\"color: #ddba08;\"><a style=\"color: #ddba08;\" href=\"\/es\/intrumentos\/\">Instrumentos<\/a> <\/span>encontrar\u00e1 enlaces a escalas espec\u00edficas. Para m\u00e1s videos por favor suscr\u00edbete a mi canal de youtube <span style=\"color: #9e841f;\"><a style=\"color: #ddba08;\" href=\"https:\/\/www.youtube.com\/c\/lupanhandpans\" target=\"_blank\" rel=\"noopener noreferrer\">Lupan Handpans<\/a><\/span>.<\/span><\/p>\n\n\t\t<\/div> \n\t<\/div> \t<div class=\"vc_empty_space\"  style=\"height: 60px\" ><span\n\t\t\tclass=\"vc_empty_space_inner\">\n\t\t\t<span class=\"empty_space_image\"  ><\/span>\n\t\t<\/span><\/div>\n\n<\/div><\/div><\/div><\/div><\/div><div      class=\"vc_row wpb_row section vc_row-fluid vc_inner \" style=' text-align:left;'><div class=\" full_section_inner clearfix\"><div class=\"wpb_column vc_column_container vc_col-sm-6\"><div class=\"vc_column-inner\"><div class=\"wpb_wrapper\"><div id=\"ts-vcsc-youtube-5741152\" class=\"ts-vcsc-youtube-5741152-parent nch-holder vide nchgrid-item nch-lightbox-youtube nch-lightbox-single  nch-lightbox-hover-zoom  \" style=\"margin-top: 0px; margin-bottom: 0px; width: 100%; height: 100%;\"><a href=\"https:\/\/www.youtube.com\/watch?v=hvbuwFCIAMM&amp;feature=youtu.be\" class=\"nch-lightbox-media no-ajaxy\" target=\"_blank\" data-thumbnail=\"https:\/\/img.youtube.com\/vi\/hvbuwFCIAMM\/hqdefault.jpg\" data-title=\"\" data-contenttype=\"video\" data-listid=\"\" data-userid=\"\" data-videofirst=\"\" data-videosother=\"\" data-search=\"\" data-infobar=\"false\" data-controls=\"1\" data-autohide=\"1\" data-start=\"0\" data-end=\"0\" data-related=\"false\" data-loop=\"false\" data-modest=\"false\" data-quality=\"auto\" data-videoplay=\"false\" data-type=\"youtube\" rel=\"nachogroup\" data-effect=\"random\" data-share=\"0\" data-duration=\"5000\"  ><img class=\"nchgrid-image-zoom\" src=\"https:\/\/img.youtube.com\/vi\/hvbuwFCIAMM\/hqdefault.jpg\" title=\"\" data-no-lazy=\"1\" style=\"display: block; width: 100%; height: auto;\"><div class=\"nchgrid-caption \" style=\"background-color: rgba(24,24,24,0.3); \"><\/div><\/a><\/div>\t<div class=\"vc_empty_space\"  style=\"height: 32px\" ><span\n\t\t\tclass=\"vc_empty_space_inner\">\n\t\t\t<span class=\"empty_space_image\"  ><\/span>\n\t\t<\/span><\/div>\n\n<\/div><\/div><\/div><div class=\"wpb_column vc_column_container vc_col-sm-6\"><div class=\"vc_column-inner\"><div class=\"wpb_wrapper\"><div id=\"ts-vcsc-youtube-2299811\" class=\"ts-vcsc-youtube-2299811-parent nch-holder vide nchgrid-item nch-lightbox-youtube nch-lightbox-single  nch-lightbox-hover-zoom  \" style=\"margin-top: 0px; margin-bottom: 0px; width: 100%; height: 100%;\"><a href=\"https:\/\/www.youtube.com\/watch?v=41u-dczu2P0&amp;feature=youtu.be\" class=\"nch-lightbox-media no-ajaxy\" target=\"_blank\" data-thumbnail=\"https:\/\/img.youtube.com\/vi\/41u-dczu2P0\/hqdefault.jpg\" data-title=\"\" data-contenttype=\"video\" data-listid=\"\" data-userid=\"\" data-videofirst=\"\" data-videosother=\"\" data-search=\"\" data-infobar=\"false\" data-controls=\"1\" data-autohide=\"1\" data-start=\"0\" data-end=\"0\" data-related=\"false\" data-loop=\"false\" data-modest=\"false\" data-quality=\"auto\" data-videoplay=\"false\" data-type=\"youtube\" rel=\"nachogroup\" data-effect=\"random\" data-share=\"0\" data-duration=\"5000\"  ><img class=\"nchgrid-image-zoom\" src=\"https:\/\/img.youtube.com\/vi\/41u-dczu2P0\/hqdefault.jpg\" title=\"\" data-no-lazy=\"1\" style=\"display: block; width: 100%; height: auto;\"><div class=\"nchgrid-caption \" style=\"background-color: rgba(24,24,24,0.3); \"><\/div><\/a><\/div>\t<div class=\"vc_empty_space\"  style=\"height: 32px\" ><span\n\t\t\tclass=\"vc_empty_space_inner\">\n\t\t\t<span class=\"empty_space_image\"  ><\/span>\n\t\t<\/span><\/div>\n\n<\/div><\/div><\/div><\/div><\/div><div      class=\"vc_row wpb_row section vc_row-fluid vc_inner \" style=' text-align:left;'><div class=\" full_section_inner clearfix\"><div class=\"wpb_column vc_column_container vc_col-sm-6\"><div class=\"vc_column-inner\"><div class=\"wpb_wrapper\"><div id=\"ts-vcsc-youtube-1808362\" class=\"ts-vcsc-youtube-1808362-parent nch-holder vide nchgrid-item nch-lightbox-youtube nch-lightbox-single  nch-lightbox-hover-zoom  \" style=\"margin-top: 0px; margin-bottom: 0px; width: 100%; height: 100%;\"><a href=\"https:\/\/www.youtube.com\/watch?v=M06vowW2JQ4\" class=\"nch-lightbox-media no-ajaxy\" target=\"_blank\" data-thumbnail=\"https:\/\/img.youtube.com\/vi\/M06vowW2JQ4\/hqdefault.jpg\" data-title=\"\" data-contenttype=\"video\" data-listid=\"\" data-userid=\"\" data-videofirst=\"\" data-videosother=\"\" data-search=\"\" data-infobar=\"false\" data-controls=\"1\" data-autohide=\"1\" data-start=\"0\" data-end=\"0\" data-related=\"false\" data-loop=\"false\" data-modest=\"false\" data-quality=\"auto\" data-videoplay=\"false\" data-type=\"youtube\" rel=\"nachogroup\" data-effect=\"random\" data-share=\"0\" data-duration=\"5000\"  ><img class=\"nchgrid-image-zoom\" src=\"https:\/\/img.youtube.com\/vi\/M06vowW2JQ4\/hqdefault.jpg\" title=\"\" data-no-lazy=\"1\" style=\"display: block; width: 100%; height: auto;\"><div class=\"nchgrid-caption \" style=\"background-color: rgba(24,24,24,0.3); \"><\/div><\/a><\/div>\t<div class=\"vc_empty_space\"  style=\"height: 32px\" ><span\n\t\t\tclass=\"vc_empty_space_inner\">\n\t\t\t<span class=\"empty_space_image\"  ><\/span>\n\t\t<\/span><\/div>\n\n<\/div><\/div><\/div><div class=\"wpb_column vc_column_container vc_col-sm-6\"><div class=\"vc_column-inner\"><div class=\"wpb_wrapper\"><div id=\"ts-vcsc-youtube-1596666\" class=\"ts-vcsc-youtube-1596666-parent nch-holder vide nchgrid-item nch-lightbox-youtube nch-lightbox-single  nch-lightbox-hover-zoom  \" style=\"margin-top: 0px; margin-bottom: 0px; width: 100%; height: 100%;\"><a href=\"https:\/\/www.youtube.com\/watch?v=hXwlooHewWM\" class=\"nch-lightbox-media no-ajaxy\" target=\"_blank\" data-thumbnail=\"https:\/\/img.youtube.com\/vi\/hXwlooHewWM\/hqdefault.jpg\" data-title=\"\" data-contenttype=\"video\" data-listid=\"\" data-userid=\"\" data-videofirst=\"\" data-videosother=\"\" data-search=\"\" data-infobar=\"false\" data-controls=\"1\" data-autohide=\"1\" data-start=\"0\" data-end=\"0\" data-related=\"false\" data-loop=\"false\" data-modest=\"false\" data-quality=\"auto\" data-videoplay=\"false\" data-type=\"youtube\" rel=\"nachogroup\" data-effect=\"random\" data-share=\"0\" data-duration=\"5000\"  ><img class=\"nchgrid-image-zoom\" src=\"https:\/\/img.youtube.com\/vi\/hXwlooHewWM\/hqdefault.jpg\" title=\"\" data-no-lazy=\"1\" style=\"display: block; width: 100%; height: auto;\"><div class=\"nchgrid-caption \" style=\"background-color: rgba(24,24,24,0.3); \"><\/div><\/a><\/div>\t<div class=\"vc_empty_space\"  style=\"height: 32px\" ><span\n\t\t\tclass=\"vc_empty_space_inner\">\n\t\t\t<span class=\"empty_space_image\"  ><\/span>\n\t\t<\/span><\/div>\n\n<\/div><\/div><\/div><\/div><\/div><div      class=\"vc_row wpb_row section vc_row-fluid vc_inner \" style=' text-align:left;'><div class=\" full_section_inner clearfix\"><div class=\"wpb_column vc_column_container vc_col-sm-6\"><div class=\"vc_column-inner\"><div class=\"wpb_wrapper\"><div id=\"ts-vcsc-youtube-4445166\" class=\"ts-vcsc-youtube-4445166-parent nch-holder vide nchgrid-item nch-lightbox-youtube nch-lightbox-single  nch-lightbox-hover-zoom  \" style=\"margin-top: 0px; margin-bottom: 0px; width: 100%; height: 100%;\"><a href=\"https:\/\/www.youtube.com\/watch?v=Pwo8n5neW4w\" class=\"nch-lightbox-media no-ajaxy\" target=\"_blank\" data-thumbnail=\"https:\/\/img.youtube.com\/vi\/Pwo8n5neW4w\/hqdefault.jpg\" data-title=\"\" data-contenttype=\"video\" data-listid=\"\" data-userid=\"\" data-videofirst=\"\" data-videosother=\"\" data-search=\"\" data-infobar=\"false\" data-controls=\"1\" data-autohide=\"1\" data-start=\"0\" data-end=\"0\" data-related=\"false\" data-loop=\"false\" data-modest=\"false\" data-quality=\"auto\" data-videoplay=\"false\" data-type=\"youtube\" rel=\"nachogroup\" data-effect=\"random\" data-share=\"0\" data-duration=\"5000\"  ><img class=\"nchgrid-image-zoom\" src=\"https:\/\/img.youtube.com\/vi\/Pwo8n5neW4w\/hqdefault.jpg\" title=\"\" data-no-lazy=\"1\" style=\"display: block; width: 100%; height: auto;\"><div class=\"nchgrid-caption \" style=\"background-color: rgba(24,24,24,0.3); \"><\/div><\/a><\/div>\t<div class=\"vc_empty_space\"  style=\"height: 32px\" ><span\n\t\t\tclass=\"vc_empty_space_inner\">\n\t\t\t<span class=\"empty_space_image\"  ><\/span>\n\t\t<\/span><\/div>\n\n<\/div><\/div><\/div><div class=\"wpb_column vc_column_container vc_col-sm-6\"><div class=\"vc_column-inner\"><div class=\"wpb_wrapper\"><div id=\"ts-vcsc-youtube-7393977\" class=\"ts-vcsc-youtube-7393977-parent nch-holder vide nchgrid-item nch-lightbox-youtube nch-lightbox-single  nch-lightbox-hover-zoom  \" style=\"margin-top: 0px; margin-bottom: 0px; width: 100%; height: 100%;\"><a href=\"https:\/\/www.youtube.com\/watch?v=-CW3jo2Cda4\" class=\"nch-lightbox-media no-ajaxy\" target=\"_blank\" data-thumbnail=\"https:\/\/img.youtube.com\/vi\/-CW3jo2Cda4\/hqdefault.jpg\" data-title=\"\" data-contenttype=\"video\" data-listid=\"\" data-userid=\"\" data-videofirst=\"\" data-videosother=\"\" data-search=\"\" data-infobar=\"true\" data-controls=\"1\" data-autohide=\"1\" data-start=\"0\" data-end=\"0\" data-related=\"false\" data-loop=\"false\" data-modest=\"false\" data-quality=\"auto\" data-videoplay=\"false\" data-type=\"youtube\" rel=\"nachogroup\" data-effect=\"random\" data-share=\"0\" data-duration=\"5000\"  ><img class=\"nchgrid-image-zoom\" src=\"https:\/\/img.youtube.com\/vi\/-CW3jo2Cda4\/hqdefault.jpg\" title=\"\" data-no-lazy=\"1\" style=\"display: block; width: 100%; height: auto;\"><div class=\"nchgrid-caption \" style=\"background-color: rgba(24,24,24,0.3); \"><\/div><\/a><\/div>\t<div class=\"vc_empty_space\"  style=\"height: 32px\" ><span\n\t\t\tclass=\"vc_empty_space_inner\">\n\t\t\t<span class=\"empty_space_image\"  ><\/span>\n\t\t<\/span><\/div>\n\n<\/div><\/div><\/div><\/div><\/div><div      class=\"vc_row wpb_row section vc_row-fluid vc_inner \" style=' text-align:left;'><div class=\" full_section_inner clearfix\"><div class=\"wpb_column vc_column_container vc_col-sm-6\"><div class=\"vc_column-inner\"><div class=\"wpb_wrapper\"><div id=\"ts-vcsc-youtube-5877090\" class=\"ts-vcsc-youtube-5877090-parent nch-holder vide nchgrid-item nch-lightbox-youtube nch-lightbox-single  nch-lightbox-hover-zoom  \" style=\"margin-top: 0px; margin-bottom: 0px; width: 100%; height: 100%;\"><a href=\"https:\/\/www.youtube.com\/watch?v=--odiZUHQf4\" class=\"nch-lightbox-media no-ajaxy\" target=\"_blank\" data-thumbnail=\"https:\/\/img.youtube.com\/vi\/--odiZUHQf4\/hqdefault.jpg\" data-title=\"\" data-contenttype=\"video\" data-listid=\"\" data-userid=\"\" data-videofirst=\"\" data-videosother=\"\" data-search=\"\" data-infobar=\"false\" data-controls=\"1\" data-autohide=\"1\" data-start=\"0\" data-end=\"0\" data-related=\"false\" data-loop=\"false\" data-modest=\"false\" data-quality=\"auto\" data-videoplay=\"false\" data-type=\"youtube\" rel=\"nachogroup\" data-effect=\"random\" data-share=\"0\" data-duration=\"5000\"  ><img class=\"nchgrid-image-zoom\" src=\"https:\/\/img.youtube.com\/vi\/--odiZUHQf4\/hqdefault.jpg\" title=\"\" data-no-lazy=\"1\" style=\"display: block; width: 100%; height: auto;\"><div class=\"nchgrid-caption \" style=\"background-color: rgba(24,24,24,0.3); \"><\/div><\/a><\/div>\t<div class=\"vc_empty_space\"  style=\"height: 32px\" ><span\n\t\t\tclass=\"vc_empty_space_inner\">\n\t\t\t<span class=\"empty_space_image\"  ><\/span>\n\t\t<\/span><\/div>\n\n<\/div><\/div><\/div><div class=\"wpb_column vc_column_container vc_col-sm-6\"><div class=\"vc_column-inner\"><div class=\"wpb_wrapper\"><div id=\"ts-vcsc-youtube-2633384\" class=\"ts-vcsc-youtube-2633384-parent nch-holder vide nchgrid-item nch-lightbox-youtube nch-lightbox-single  nch-lightbox-hover-zoom  \" style=\"margin-top: 0px; margin-bottom: 0px; width: 100%; height: 100%;\"><a href=\"https:\/\/www.youtube.com\/watch?v=8li2qMr7KNg\" class=\"nch-lightbox-media no-ajaxy\" target=\"_blank\" data-thumbnail=\"https:\/\/img.youtube.com\/vi\/8li2qMr7KNg\/hqdefault.jpg\" data-title=\"\" data-contenttype=\"video\" data-listid=\"\" data-userid=\"\" data-videofirst=\"\" data-videosother=\"\" data-search=\"\" data-infobar=\"false\" data-controls=\"1\" data-autohide=\"1\" data-start=\"0\" data-end=\"0\" data-related=\"false\" data-loop=\"false\" data-modest=\"false\" data-quality=\"auto\" data-videoplay=\"false\" data-type=\"youtube\" rel=\"nachogroup\" data-effect=\"random\" data-share=\"0\" data-duration=\"5000\"  ><img class=\"nchgrid-image-zoom\" src=\"https:\/\/img.youtube.com\/vi\/8li2qMr7KNg\/hqdefault.jpg\" title=\"\" data-no-lazy=\"1\" style=\"display: block; width: 100%; height: auto;\"><div class=\"nchgrid-caption \" style=\"background-color: rgba(24,24,24,0.3); \"><\/div><\/a><\/div><\/div><\/div><\/div><\/div><\/div>\t<div class=\"vc_empty_space\"  style=\"height: 30px\" ><span\n\t\t\tclass=\"vc_empty_space_inner\">\n\t\t\t<span class=\"empty_space_image\"  ><\/span>\n\t\t<\/span><\/div>\n\n<\/div><\/div><\/div><\/div><\/div><\/div><div      class=\"vc_row wpb_row section vc_row-fluid  grid_section\" style=' text-align:center;'><div class=\" section_inner clearfix\"><div class='section_inner_margin clearfix'><div class=\"wpb_column vc_column_container vc_col-sm-12\"><div class=\"vc_column-inner\"><div class=\"wpb_wrapper\">\t<div class=\"vc_empty_space\"  style=\"height: 60px\" ><span\n\t\t\tclass=\"vc_empty_space_inner\">\n\t\t\t<span class=\"empty_space_image\"  ><\/span>\n\t\t<\/span><\/div>\n\n<div      class=\"vc_row wpb_row section vc_row-fluid vc_inner \" style=' text-align:left;'><div class=\" full_section_inner clearfix\"><div class=\"wpb_column vc_column_container vc_col-sm-3\"><div class=\"vc_column-inner\"><div class=\"wpb_wrapper\"><\/div><\/div><\/div><div class=\"wpb_column vc_column_container vc_col-sm-2\"><div class=\"vc_column-inner\"><div class=\"wpb_wrapper\"><\/div><\/div><\/div><div class=\"wpb_column vc_column_container vc_col-sm-4\"><div class=\"vc_column-inner\"><div class=\"wpb_wrapper\">\n\t<div class=\"wpb_text_column wpb_content_element \">\n\t\t<div class=\"wpb_wrapper\">\n\t\t\t<p><a href=\"https:\/\/www.facebook.com\/lupanhandpans\/\" target=\"_blank\" rel=\"noopener noreferrer\"><img loading=\"lazy\" class=\"alignleft wp-image-16079\" src=\"https:\/\/lupanhandpans.com\/wp-content\/uploads\/2019\/05\/facebook.png\" alt=\"\" width=\"30\" height=\"30\" \/><\/a><a href=\"https:\/\/www.instagram.com\/marklupan\/\" target=\"_blank\" rel=\"noopener noreferrer\"><img loading=\"lazy\" class=\"alignleft wp-image-16080\" src=\"https:\/\/lupanhandpans.com\/wp-content\/uploads\/2019\/05\/Instagram.png\" alt=\"\" width=\"30\" height=\"30\" \/><\/a><a href=\"https:\/\/www.youtube.com\/lupanhandpans\" target=\"_blank\" rel=\"noopener noreferrer\"><img loading=\"lazy\" class=\"alignleft wp-image-16082\" src=\"https:\/\/lupanhandpans.com\/wp-content\/uploads\/2019\/05\/youtube.png\" alt=\"\" width=\"30\" height=\"30\" \/><\/a><a href=\"mailto:lupanhandpans@yahoo.com \"><img loading=\"lazy\" class=\"alignleft wp-image-16081\" src=\"https:\/\/lupanhandpans.com\/wp-content\/uploads\/2019\/05\/mail.png\" alt=\"\" width=\"30\" height=\"30\" \/><\/a><\/p>\n\n\t\t<\/div> \n\t<\/div> <\/div><\/div><\/div><div class=\"wpb_column vc_column_container vc_col-sm-3\"><div class=\"vc_column-inner\"><div class=\"wpb_wrapper\"><\/div><\/div><\/div><\/div><\/div>\t<div class=\"vc_empty_space\"  style=\"height: 30px\" ><span\n\t\t\tclass=\"vc_empty_space_inner\">\n\t\t\t<span class=\"empty_space_image\"  ><\/span>\n\t\t<\/span><\/div>\n\n<div      class=\"vc_row wpb_row section vc_row-fluid vc_inner \" style=' text-align:left;'><div class=\" full_section_inner clearfix\"><div class=\"wpb_column vc_column_container vc_col-sm-12\"><div class=\"vc_column-inner\"><div class=\"wpb_wrapper\">\n\t<div class=\"wpb_text_column wpb_content_element \">\n\t\t<div class=\"wpb_wrapper\">\n\t\t\t<h6 style=\"text-align: center;\"><span style=\"color: #ffffff;\">Copyright 2019 \u00a9 Lupan Handpans | <a style=\"color: #ffffff;\" href=\"\/es\/privacy-policy\/\">Pol\u00edtica de privacidad<\/a> | <a style=\"color: #ffffff;\" href=\"\/es\/cookies\/\">Pol\u00edtica de cookies<\/a><\/span><\/h6>\n\n\t\t<\/div> \n\t<\/div> <\/div><\/div><\/div><\/div><\/div>\t<div class=\"vc_empty_space\"  style=\"height: 100px\" ><span\n\t\t\tclass=\"vc_empty_space_inner\">\n\t\t\t<span class=\"empty_space_image\"  ><\/span>\n\t\t<\/span><\/div>\n\n<\/div><\/div><\/div><\/div><\/div><\/div>\n","protected":false},"excerpt":{"rendered":"V\u00eddeos Aqu\u00ed puedes encontrar una selecci\u00f3n de V\u00eddeos de Lupan handpans tocados por diferentes m\u00fasicos. En la secci\u00f3n Instrumentos encontrar\u00e1 enlaces a escalas espec\u00edficas. Para m\u00e1s videos por favor suscr\u00edbete a mi canal de youtube Lupan Handpans. Copyright 2019 \u00a9 Lupan Handpans | Pol\u00edtica de...","protected":false},"author":1,"featured_media":0,"parent":0,"menu_order":0,"comment_status":"closed","ping_status":"closed","template":"full_width.php","meta":[],"yoast_head":"<!-- This site is optimized with the Yoast SEO plugin v17.4 - https:\/\/yoast.com\/wordpress\/plugins\/seo\/ -->\n<title>Videos - Lupan Handpans<\/title>\n<meta name=\"robots\" content=\"index, follow, max-snippet:-1, max-image-preview:large, max-video-preview:-1\" \/>\n<link rel=\"canonical\" href=\"https:\/\/lupanhandpans.com\/es\/videos\/\" \/>\n<meta property=\"og:locale\" content=\"es_ES\" \/>\n<meta property=\"og:type\" content=\"article\" \/>\n<meta property=\"og:title\" content=\"Videos - Lupan Handpans\" \/>\n<meta property=\"og:url\" content=\"https:\/\/lupanhandpans.com\/es\/videos\/\" \/>\n<meta property=\"og:site_name\" content=\"Lupan Handpans\" \/>\n<meta property=\"article:modified_time\" content=\"2021-06-23T13:02:36+00:00\" \/>\n<meta property=\"og:image\" content=\"https:\/\/lupanhandpans.com\/wp-content\/uploads\/2019\/05\/facebook.png\" \/>\n<meta name=\"twitter:card\" content=\"summary_large_image\" \/>\n<meta name=\"twitter:label1\" content=\"Tiempo de lectura\" \/>\n\t<meta name=\"twitter:data1\" content=\"4 minutos\" \/>\n<script type=\"application\/ld+json\" class=\"yoast-schema-graph\">{\"@context\":\"https:\/\/schema.org\",\"@graph\":[{\"@type\":\"WebSite\",\"@id\":\"https:\/\/lupanhandpans.com\/#website\",\"url\":\"https:\/\/lupanhandpans.com\/\",\"name\":\"Lupan Handpans\",\"description\":\"Instrumentos\",\"potentialAction\":[{\"@type\":\"SearchAction\",\"target\":{\"@type\":\"EntryPoint\",\"urlTemplate\":\"https:\/\/lupanhandpans.com\/?s={search_term_string}\"},\"query-input\":\"required name=search_term_string\"}],\"inLanguage\":\"es\"},{\"@type\":\"ImageObject\",\"@id\":\"https:\/\/lupanhandpans.com\/es\/videos\/#primaryimage\",\"inLanguage\":\"es\",\"url\":\"https:\/\/lupanhandpans.com\/wp-content\/uploads\/2019\/05\/facebook.png\",\"contentUrl\":\"https:\/\/lupanhandpans.com\/wp-content\/uploads\/2019\/05\/facebook.png\",\"width\":49,\"height\":49},{\"@type\":\"WebPage\",\"@id\":\"https:\/\/lupanhandpans.com\/es\/videos\/#webpage\",\"url\":\"https:\/\/lupanhandpans.com\/es\/videos\/\",\"name\":\"Videos - Lupan Handpans\",\"isPartOf\":{\"@id\":\"https:\/\/lupanhandpans.com\/#website\"},\"primaryImageOfPage\":{\"@id\":\"https:\/\/lupanhandpans.com\/es\/videos\/#primaryimage\"},\"datePublished\":\"2019-03-22T13:13:11+00:00\",\"dateModified\":\"2021-06-23T13:02:36+00:00\",\"breadcrumb\":{\"@id\":\"https:\/\/lupanhandpans.com\/es\/videos\/#breadcrumb\"},\"inLanguage\":\"es\",\"potentialAction\":[{\"@type\":\"ReadAction\",\"target\":[\"https:\/\/lupanhandpans.com\/es\/videos\/\"]}]},{\"@type\":\"BreadcrumbList\",\"@id\":\"https:\/\/lupanhandpans.com\/es\/videos\/#breadcrumb\",\"itemListElement\":[{\"@type\":\"ListItem\",\"position\":1,\"name\":\"Home\",\"item\":\"https:\/\/lupanhandpans.com\/es\/\"},{\"@type\":\"ListItem\",\"position\":2,\"name\":\"Videos\"}]}]}<\/script>\n<!-- \/ Yoast SEO plugin. -->","yoast_head_json":{"title":"Videos - Lupan Handpans","robots":{"index":"index","follow":"follow","max-snippet":"max-snippet:-1","max-image-preview":"max-image-preview:large","max-video-preview":"max-video-preview:-1"},"canonical":"https:\/\/lupanhandpans.com\/es\/videos\/","og_locale":"es_ES","og_type":"article","og_title":"Videos - Lupan Handpans","og_url":"https:\/\/lupanhandpans.com\/es\/videos\/","og_site_name":"Lupan Handpans","article_modified_time":"2021-06-23T13:02:36+00:00","og_image":[{"url":"https:\/\/lupanhandpans.com\/wp-content\/uploads\/2019\/05\/facebook.png"}],"twitter_card":"summary_large_image","twitter_misc":{"Tiempo de lectura":"4 minutos"},"schema":{"@context":"https:\/\/schema.org","@graph":[{"@type":"WebSite","@id":"https:\/\/lupanhandpans.com\/#website","url":"https:\/\/lupanhandpans.com\/","name":"Lupan Handpans","description":"Instrumentos","potentialAction":[{"@type":"SearchAction","target":{"@type":"EntryPoint","urlTemplate":"https:\/\/lupanhandpans.com\/?s={search_term_string}"},"query-input":"required name=search_term_string"}],"inLanguage":"es"},{"@type":"ImageObject","@id":"https:\/\/lupanhandpans.com\/es\/videos\/#primaryimage","inLanguage":"es","url":"https:\/\/lupanhandpans.com\/wp-content\/uploads\/2019\/05\/facebook.png","contentUrl":"https:\/\/lupanhandpans.com\/wp-content\/uploads\/2019\/05\/facebook.png","width":49,"height":49},{"@type":"WebPage","@id":"https:\/\/lupanhandpans.com\/es\/videos\/#webpage","url":"https:\/\/lupanhandpans.com\/es\/videos\/","name":"Videos - Lupan Handpans","isPartOf":{"@id":"https:\/\/lupanhandpans.com\/#website"},"primaryImageOfPage":{"@id":"https:\/\/lupanhandpans.com\/es\/videos\/#primaryimage"},"datePublished":"2019-03-22T13:13:11+00:00","dateModified":"2021-06-23T13:02:36+00:00","breadcrumb":{"@id":"https:\/\/lupanhandpans.com\/es\/videos\/#breadcrumb"},"inLanguage":"es","potentialAction":[{"@type":"ReadAction","target":["https:\/\/lupanhandpans.com\/es\/videos\/"]}]},{"@type":"BreadcrumbList","@id":"https:\/\/lupanhandpans.com\/es\/videos\/#breadcrumb","itemListElement":[{"@type":"ListItem","position":1,"name":"Home","item":"https:\/\/lupanhandpans.com\/es\/"},{"@type":"ListItem","position":2,"name":"Videos"}]}]}},"_links":{"self":[{"href":"https:\/\/lupanhandpans.com\/es\/wp-json\/wp\/v2\/pages\/15665"}],"collection":[{"href":"https:\/\/lupanhandpans.com\/es\/wp-json\/wp\/v2\/pages"}],"about":[{"href":"https:\/\/lupanhandpans.com\/es\/wp-json\/wp\/v2\/types\/page"}],"author":[{"embeddable":true,"href":"https:\/\/lupanhandpans.com\/es\/wp-json\/wp\/v2\/users\/1"}],"replies":[{"embeddable":true,"href":"https:\/\/lupanhandpans.com\/es\/wp-json\/wp\/v2\/comments?post=15665"}],"version-history":[{"count":55,"href":"https:\/\/lupanhandpans.com\/es\/wp-json\/wp\/v2\/pages\/15665\/revisions"}],"predecessor-version":[{"id":18230,"href":"https:\/\/lupanhandpans.com\/es\/wp-json\/wp\/v2\/pages\/15665\/revisions\/18230"}],"wp:attachment":[{"href":"https:\/\/lupanhandpans.com\/es\/wp-json\/wp\/v2\/media?parent=15665"}],"curies":[{"name":"wp","href":"https:\/\/api.w.org\/{rel}","templated":true}]}}