{"id":16410,"date":"2019-05-28T08:07:30","date_gmt":"2019-05-28T08:07:30","guid":{"rendered":"https:\/\/lupanhandpans.com\/?page_id=16410"},"modified":"2021-06-23T12:55:17","modified_gmt":"2021-06-23T12:55:17","slug":"about-us","status":"publish","type":"page","link":"https:\/\/lupanhandpans.com\/fr\/about-us\/","title":{"rendered":"Biographie"},"content":{"rendered":"<div      class=\"vc_row wpb_row section vc_row-fluid  grid_section\" style=' text-align:left;'><div class=\" section_inner clearfix\"><div class='section_inner_margin clearfix'><div class=\"wpb_column vc_column_container vc_col-sm-12\"><div class=\"vc_column-inner\"><div class=\"wpb_wrapper\">\t<div class=\"vc_empty_space\"  style=\"height: 100px\" ><span\n\t\t\tclass=\"vc_empty_space_inner\">\n\t\t\t<span class=\"empty_space_image\"  ><\/span>\n\t\t<\/span><\/div>\n\n<div      class=\"vc_row wpb_row section vc_row-fluid vc_inner \" style=' text-align:left;'><div class=\" full_section_inner clearfix\"><div class=\"wpb_column vc_column_container vc_col-sm-12 vc_hidden-sm vc_hidden-xs\"><div class=\"vc_column-inner\"><div class=\"wpb_wrapper\">\t<div class=\"vc_empty_space\"  style=\"height: 50px\" ><span\n\t\t\tclass=\"vc_empty_space_inner\">\n\t\t\t<span class=\"empty_space_image\"  ><\/span>\n\t\t<\/span><\/div>\n\n<\/div><\/div><\/div><\/div><\/div><div      class=\"vc_row wpb_row section vc_row-fluid vc_inner \" style=' text-align:left;'><div class=\" full_section_inner clearfix\"><div class=\"wpb_column vc_column_container vc_col-sm-12\"><div class=\"vc_column-inner\"><div class=\"wpb_wrapper\">\t<div class=\"vc_empty_space\"  style=\"height: 42px\" ><span\n\t\t\tclass=\"vc_empty_space_inner\">\n\t\t\t<span class=\"empty_space_image\"  ><\/span>\n\t\t<\/span><\/div>\n\n<\/div><\/div><\/div><\/div><\/div><div      class=\"vc_row wpb_row section vc_row-fluid vc_inner \" style=' text-align:left;'><div class=\" full_section_inner clearfix\"><div class=\"wpb_column vc_column_container vc_col-sm-6\"><div class=\"vc_column-inner\"><div class=\"wpb_wrapper\"><div class=\"separator  transparent   \" style=\"margin-top: 41px;margin-bottom: 0px;\"><\/div>\n\n\t<div class=\"wpb_text_column wpb_content_element \">\n\t\t<div class=\"wpb_wrapper\">\n\t\t\t<p style=\"text-align: left;\"><span style=\"color: #ffffff;\">Les Lupan handpans sont fait a main par le luthier Mark Petersberger Lupescu.<br \/>\n<span style=\"color: #ffffff;\">Musicien professionnel et luthier des harpes il d\u00e9m\u00e9nage en 2008 a Barcelone\/Espagne , ou il d\u00e9couvre les handpans et les int\u00e8gre dans sa musique. <\/span><\/span><\/p>\n\n\t\t<\/div> \n\t<\/div> <div class=\"separator  transparent   \" style=\"margin-top: 41px;margin-bottom: 0px;\"><\/div>\n\n\t<div class=\"wpb_text_column wpb_content_element \">\n\t\t<div class=\"wpb_wrapper\">\n\t\t\t<p style=\"text-align: left;\"><span style=\"color: #ffffff;\">En 2013 il commence a fabriquer des handpans. <\/span><br \/>\n<span style=\"color: #ffffff;\">Avec l&rsquo;aide de maitre accordeur Darren Dyke et avec des nombreuses heures marteaux a la main il d\u00e9veloppe sa propre technique. <\/span><\/p>\n\n\t\t<\/div> \n\t<\/div> <div class=\"separator  transparent   \" style=\"margin-top: 41px;margin-bottom: 0px;\"><\/div>\n<\/div><\/div><\/div><div class=\"wpb_column vc_column_container vc_col-sm-6\"><div class=\"vc_column-inner\"><div class=\"wpb_wrapper\"><div class=\"separator  transparent   \" style=\"margin-top: 41px;margin-bottom: 0px;\"><\/div>\n\n\t<div class=\"wpb_single_image wpb_content_element vc_align_center\">\n\t\t<div class=\"wpb_wrapper\">\n\t\t\t\n\t\t\t<a class=\"qode-prettyphoto qode-single-image-pretty-photo\" data-rel=\"prettyPhoto[rel-16410-3831474888]\" href=\"https:\/\/lupanhandpans.com\/wp-content\/uploads\/2019\/04\/AUS1907-1024x683.jpg\" target=\"_self\"><div class=\"vc_single_image-wrapper   vc_box_border_grey\"><img width=\"1188\" height=\"792\" src=\"https:\/\/lupanhandpans.com\/wp-content\/uploads\/2019\/04\/AUS1907.jpg\" class=\"vc_single_image-img attachment-full\" alt=\"\" loading=\"lazy\" srcset=\"https:\/\/lupanhandpans.com\/wp-content\/uploads\/2019\/04\/AUS1907.jpg 1188w, https:\/\/lupanhandpans.com\/wp-content\/uploads\/2019\/04\/AUS1907-300x200.jpg 300w, https:\/\/lupanhandpans.com\/wp-content\/uploads\/2019\/04\/AUS1907-768x512.jpg 768w, https:\/\/lupanhandpans.com\/wp-content\/uploads\/2019\/04\/AUS1907-1024x683.jpg 1024w, https:\/\/lupanhandpans.com\/wp-content\/uploads\/2019\/04\/AUS1907-700x467.jpg 700w\" sizes=\"(max-width: 1188px) 100vw, 1188px\" \/><\/div><\/a>\n\t\t<\/div>\n\t<\/div>\n<div class=\"separator  transparent   \" style=\"margin-top: 41px;margin-bottom: 0px;\"><\/div>\n<\/div><\/div><\/div><\/div><\/div>\n\t<div class=\"wpb_text_column wpb_content_element \">\n\t\t<div class=\"wpb_wrapper\">\n\t\t\t<p><span style=\"color: #ffffff;\">Ayant jou\u00e9 ces instruments dans diff\u00e9rentes situations (salle de concert, salle de yoga, espace ouvert), il sait tr\u00e8s bien quelles qualit\u00e9s rechercher dans un handpan : des notes stables et \u00e9quilibr\u00e9s, un timbre et harmoniques agr\u00e9able, un bon sustain.<br \/>\nEn tant que perfectionniste, il cherche toujours \u00e0 am\u00e9liorer ces qualit\u00e9s.<\/span><\/p>\n\n\t\t<\/div> \n\t<\/div> <div class=\"separator  transparent   \" style=\"margin-top: 20px;margin-bottom: 0px;\"><\/div>\n\t<div class=\"vc_empty_space\"  style=\"height: 60px\" ><span\n\t\t\tclass=\"vc_empty_space_inner\">\n\t\t\t<span class=\"empty_space_image\"  ><\/span>\n\t\t<\/span><\/div>\n\n<\/div><\/div><\/div><\/div><\/div><\/div><div      class=\"vc_row wpb_row section vc_row-fluid  grid_section\" style=' text-align:center;'><div class=\" section_inner clearfix\"><div class='section_inner_margin clearfix'><div class=\"wpb_column vc_column_container vc_col-sm-12\"><div class=\"vc_column-inner\"><div class=\"wpb_wrapper\">\t<div class=\"vc_empty_space\"  style=\"height: 60px\" ><span\n\t\t\tclass=\"vc_empty_space_inner\">\n\t\t\t<span class=\"empty_space_image\"  ><\/span>\n\t\t<\/span><\/div>\n\n<div      class=\"vc_row wpb_row section vc_row-fluid vc_inner \" style=' text-align:left;'><div class=\" full_section_inner clearfix\"><div class=\"wpb_column vc_column_container vc_col-sm-3\"><div class=\"vc_column-inner\"><div class=\"wpb_wrapper\"><\/div><\/div><\/div><div class=\"wpb_column vc_column_container vc_col-sm-2\"><div class=\"vc_column-inner\"><div class=\"wpb_wrapper\"><\/div><\/div><\/div><div class=\"wpb_column vc_column_container vc_col-sm-4\"><div class=\"vc_column-inner\"><div class=\"wpb_wrapper\">\n\t<div class=\"wpb_text_column wpb_content_element \">\n\t\t<div class=\"wpb_wrapper\">\n\t\t\t<p><a href=\"https:\/\/www.facebook.com\/lupanhandpans\/\" target=\"_blank\" rel=\"noopener noreferrer\"><img loading=\"lazy\" class=\"alignleft wp-image-17887\" src=\"https:\/\/lupanhandpans.com\/wp-content\/uploads\/2019\/05\/facebook.png\" alt=\"\" width=\"30\" height=\"30\" \/><\/a><a href=\"https:\/\/www.instagram.com\/marklupan\/\" target=\"_blank\" rel=\"noopener noreferrer\"><img loading=\"lazy\" class=\"alignleft wp-image-17889\" src=\"https:\/\/lupanhandpans.com\/wp-content\/uploads\/2019\/05\/Instagram.png\" alt=\"\" width=\"30\" height=\"30\" \/><\/a><a href=\"https:\/\/www.youtube.com\/lupanhandpans\" target=\"_blank\" rel=\"noopener noreferrer\"><img loading=\"lazy\" class=\"alignleft wp-image-17893\" src=\"https:\/\/lupanhandpans.com\/wp-content\/uploads\/2019\/05\/youtube.png\" alt=\"\" width=\"30\" height=\"30\" \/><\/a><a href=\"mailto:lupanhandpans@yahoo.com \"><img loading=\"lazy\" class=\"alignleft wp-image-17891\" src=\"https:\/\/lupanhandpans.com\/wp-content\/uploads\/2019\/05\/mail.png\" alt=\"\" width=\"30\" height=\"30\" \/><\/a><\/p>\n\n\t\t<\/div> \n\t<\/div> <\/div><\/div><\/div><div class=\"wpb_column vc_column_container vc_col-sm-3\"><div class=\"vc_column-inner\"><div class=\"wpb_wrapper\"><\/div><\/div><\/div><\/div><\/div>\t<div class=\"vc_empty_space\"  style=\"height: 30px\" ><span\n\t\t\tclass=\"vc_empty_space_inner\">\n\t\t\t<span class=\"empty_space_image\"  ><\/span>\n\t\t<\/span><\/div>\n\n<div      class=\"vc_row wpb_row section vc_row-fluid vc_inner \" style=' text-align:left;'><div class=\" full_section_inner clearfix\"><div class=\"wpb_column vc_column_container vc_col-sm-12\"><div class=\"vc_column-inner\"><div class=\"wpb_wrapper\">\n\t<div class=\"wpb_text_column wpb_content_element \">\n\t\t<div class=\"wpb_wrapper\">\n\t\t\t<h6 style=\"text-align: center;\"><span style=\"color: #ffffff;\">Copyright 2019 \u00a9 Lupan Handpans | <a style=\"color: #ffffff;\" href=\"\/fr\/privacy-policy\/\">Privacy Policy<\/a> | <a style=\"color: #ffffff;\" href=\"\/fr\/cookies\/\">Cookies Policy<\/a><\/span><\/h6>\n\n\t\t<\/div> \n\t<\/div> <\/div><\/div><\/div><\/div><\/div>\t<div class=\"vc_empty_space\"  style=\"height: 100px\" ><span\n\t\t\tclass=\"vc_empty_space_inner\">\n\t\t\t<span class=\"empty_space_image\"  ><\/span>\n\t\t<\/span><\/div>\n\n<\/div><\/div><\/div><\/div><\/div><\/div>\n","protected":false},"excerpt":{"rendered":"Les Lupan handpans sont fait a main par le luthier Mark Petersberger Lupescu. Musicien professionnel et luthier des harpes il d\u00e9m\u00e9nage en 2008 a Barcelone\/Espagne , ou il d\u00e9couvre les handpans et les int\u00e8gre dans sa musique. En 2013 il commence a fabriquer des handpans....","protected":false},"author":1,"featured_media":0,"parent":0,"menu_order":0,"comment_status":"closed","ping_status":"open","template":"full_width.php","meta":[],"yoast_head":"<!-- This site is optimized with the Yoast SEO plugin v17.4 - https:\/\/yoast.com\/wordpress\/plugins\/seo\/ -->\n<title>Biographie - Lupan Handpans<\/title>\n<meta name=\"robots\" content=\"index, follow, max-snippet:-1, max-image-preview:large, max-video-preview:-1\" \/>\n<link rel=\"canonical\" href=\"https:\/\/lupanhandpans.com\/fr\/about-us\/\" \/>\n<meta property=\"og:locale\" content=\"fr_FR\" \/>\n<meta property=\"og:type\" content=\"article\" \/>\n<meta property=\"og:title\" content=\"Biographie - Lupan Handpans\" \/>\n<meta property=\"og:url\" content=\"https:\/\/lupanhandpans.com\/fr\/about-us\/\" \/>\n<meta property=\"og:site_name\" content=\"Lupan Handpans\" \/>\n<meta property=\"article:modified_time\" content=\"2021-06-23T12:55:17+00:00\" \/>\n<meta property=\"og:image\" content=\"https:\/\/lupanhandpans.com\/wp-content\/uploads\/2019\/05\/facebook.png\" \/>\n<meta name=\"twitter:card\" content=\"summary_large_image\" \/>\n<meta name=\"twitter:label1\" content=\"Dur\u00e9e de lecture est.\" \/>\n\t<meta name=\"twitter:data1\" content=\"2 minutes\" \/>\n<script type=\"application\/ld+json\" class=\"yoast-schema-graph\">{\"@context\":\"https:\/\/schema.org\",\"@graph\":[{\"@type\":\"WebSite\",\"@id\":\"https:\/\/lupanhandpans.com\/#website\",\"url\":\"https:\/\/lupanhandpans.com\/\",\"name\":\"Lupan Handpans\",\"description\":\"Instrumentos\",\"potentialAction\":[{\"@type\":\"SearchAction\",\"target\":{\"@type\":\"EntryPoint\",\"urlTemplate\":\"https:\/\/lupanhandpans.com\/?s={search_term_string}\"},\"query-input\":\"required name=search_term_string\"}],\"inLanguage\":\"fr-FR\"},{\"@type\":\"ImageObject\",\"@id\":\"https:\/\/lupanhandpans.com\/fr\/about-us\/#primaryimage\",\"inLanguage\":\"fr-FR\",\"url\":\"https:\/\/lupanhandpans.com\/wp-content\/uploads\/2019\/05\/facebook.png\",\"contentUrl\":\"https:\/\/lupanhandpans.com\/wp-content\/uploads\/2019\/05\/facebook.png\",\"width\":49,\"height\":49},{\"@type\":\"WebPage\",\"@id\":\"https:\/\/lupanhandpans.com\/fr\/about-us\/#webpage\",\"url\":\"https:\/\/lupanhandpans.com\/fr\/about-us\/\",\"name\":\"Biographie - Lupan Handpans\",\"isPartOf\":{\"@id\":\"https:\/\/lupanhandpans.com\/#website\"},\"primaryImageOfPage\":{\"@id\":\"https:\/\/lupanhandpans.com\/fr\/about-us\/#primaryimage\"},\"datePublished\":\"2019-05-28T08:07:30+00:00\",\"dateModified\":\"2021-06-23T12:55:17+00:00\",\"breadcrumb\":{\"@id\":\"https:\/\/lupanhandpans.com\/fr\/about-us\/#breadcrumb\"},\"inLanguage\":\"fr-FR\",\"potentialAction\":[{\"@type\":\"ReadAction\",\"target\":[\"https:\/\/lupanhandpans.com\/fr\/about-us\/\"]}]},{\"@type\":\"BreadcrumbList\",\"@id\":\"https:\/\/lupanhandpans.com\/fr\/about-us\/#breadcrumb\",\"itemListElement\":[{\"@type\":\"ListItem\",\"position\":1,\"name\":\"Home\",\"item\":\"https:\/\/lupanhandpans.com\/fr\/\"},{\"@type\":\"ListItem\",\"position\":2,\"name\":\"Biographie\"}]}]}<\/script>\n<!-- \/ Yoast SEO plugin. -->","yoast_head_json":{"title":"Biographie - Lupan Handpans","robots":{"index":"index","follow":"follow","max-snippet":"max-snippet:-1","max-image-preview":"max-image-preview:large","max-video-preview":"max-video-preview:-1"},"canonical":"https:\/\/lupanhandpans.com\/fr\/about-us\/","og_locale":"fr_FR","og_type":"article","og_title":"Biographie - Lupan Handpans","og_url":"https:\/\/lupanhandpans.com\/fr\/about-us\/","og_site_name":"Lupan Handpans","article_modified_time":"2021-06-23T12:55:17+00:00","og_image":[{"url":"https:\/\/lupanhandpans.com\/wp-content\/uploads\/2019\/05\/facebook.png"}],"twitter_card":"summary_large_image","twitter_misc":{"Dur\u00e9e de lecture est.":"2 minutes"},"schema":{"@context":"https:\/\/schema.org","@graph":[{"@type":"WebSite","@id":"https:\/\/lupanhandpans.com\/#website","url":"https:\/\/lupanhandpans.com\/","name":"Lupan Handpans","description":"Instrumentos","potentialAction":[{"@type":"SearchAction","target":{"@type":"EntryPoint","urlTemplate":"https:\/\/lupanhandpans.com\/?s={search_term_string}"},"query-input":"required name=search_term_string"}],"inLanguage":"fr-FR"},{"@type":"ImageObject","@id":"https:\/\/lupanhandpans.com\/fr\/about-us\/#primaryimage","inLanguage":"fr-FR","url":"https:\/\/lupanhandpans.com\/wp-content\/uploads\/2019\/05\/facebook.png","contentUrl":"https:\/\/lupanhandpans.com\/wp-content\/uploads\/2019\/05\/facebook.png","width":49,"height":49},{"@type":"WebPage","@id":"https:\/\/lupanhandpans.com\/fr\/about-us\/#webpage","url":"https:\/\/lupanhandpans.com\/fr\/about-us\/","name":"Biographie - Lupan Handpans","isPartOf":{"@id":"https:\/\/lupanhandpans.com\/#website"},"primaryImageOfPage":{"@id":"https:\/\/lupanhandpans.com\/fr\/about-us\/#primaryimage"},"datePublished":"2019-05-28T08:07:30+00:00","dateModified":"2021-06-23T12:55:17+00:00","breadcrumb":{"@id":"https:\/\/lupanhandpans.com\/fr\/about-us\/#breadcrumb"},"inLanguage":"fr-FR","potentialAction":[{"@type":"ReadAction","target":["https:\/\/lupanhandpans.com\/fr\/about-us\/"]}]},{"@type":"BreadcrumbList","@id":"https:\/\/lupanhandpans.com\/fr\/about-us\/#breadcrumb","itemListElement":[{"@type":"ListItem","position":1,"name":"Home","item":"https:\/\/lupanhandpans.com\/fr\/"},{"@type":"ListItem","position":2,"name":"Biographie"}]}]}},"_links":{"self":[{"href":"https:\/\/lupanhandpans.com\/fr\/wp-json\/wp\/v2\/pages\/16410"}],"collection":[{"href":"https:\/\/lupanhandpans.com\/fr\/wp-json\/wp\/v2\/pages"}],"about":[{"href":"https:\/\/lupanhandpans.com\/fr\/wp-json\/wp\/v2\/types\/page"}],"author":[{"embeddable":true,"href":"https:\/\/lupanhandpans.com\/fr\/wp-json\/wp\/v2\/users\/1"}],"replies":[{"embeddable":true,"href":"https:\/\/lupanhandpans.com\/fr\/wp-json\/wp\/v2\/comments?post=16410"}],"version-history":[{"count":7,"href":"https:\/\/lupanhandpans.com\/fr\/wp-json\/wp\/v2\/pages\/16410\/revisions"}],"predecessor-version":[{"id":18186,"href":"https:\/\/lupanhandpans.com\/fr\/wp-json\/wp\/v2\/pages\/16410\/revisions\/18186"}],"wp:attachment":[{"href":"https:\/\/lupanhandpans.com\/fr\/wp-json\/wp\/v2\/media?parent=16410"}],"curies":[{"name":"wp","href":"https:\/\/api.w.org\/{rel}","templated":true}]}}