{"id":16437,"date":"2019-05-28T08:20:55","date_gmt":"2019-05-28T08:20:55","guid":{"rendered":"https:\/\/lupanhandpans.com\/?page_id=16437"},"modified":"2021-06-23T13:02:25","modified_gmt":"2021-06-23T13:02:25","slug":"videos","status":"publish","type":"page","link":"https:\/\/lupanhandpans.com\/fr\/videos\/","title":{"rendered":"Vid\u00e9os"},"content":{"rendered":"<div      class=\"vc_row wpb_row section vc_row-fluid  vc_custom_1557231403889 grid_section\" style=' text-align:left;'><div class=\" section_inner clearfix\"><div class='section_inner_margin clearfix'><div class=\"wpb_column vc_column_container vc_col-sm-12\"><div class=\"vc_column-inner\"><div class=\"wpb_wrapper\">\t<div class=\"vc_empty_space\"  style=\"height: 100px\" ><span\n\t\t\tclass=\"vc_empty_space_inner\">\n\t\t\t<span class=\"empty_space_image\"  ><\/span>\n\t\t<\/span><\/div>\n\n<div      class=\"vc_row wpb_row section vc_row-fluid vc_inner \" style=' text-align:left;'><div class=\" full_section_inner clearfix\"><div class=\"wpb_column vc_column_container vc_col-sm-12 vc_hidden-sm vc_hidden-xs\"><div class=\"vc_column-inner\"><div class=\"wpb_wrapper\">\t<div class=\"vc_empty_space\"  style=\"height: 50px\" ><span\n\t\t\tclass=\"vc_empty_space_inner\">\n\t\t\t<span class=\"empty_space_image\"  ><\/span>\n\t\t<\/span><\/div>\n\n<\/div><\/div><\/div><\/div><\/div><div      class=\"vc_row wpb_row section vc_row-fluid vc_inner \" style=' text-align:left;'><div class=\" full_section_inner clearfix\"><div class=\"wpb_column vc_column_container vc_col-sm-12\"><div class=\"vc_column-inner\"><div class=\"wpb_wrapper\">\t<div class=\"vc_empty_space\"  style=\"height: 42px\" ><span\n\t\t\tclass=\"vc_empty_space_inner\">\n\t\t\t<span class=\"empty_space_image\"  ><\/span>\n\t\t<\/span><\/div>\n\n\n\t<div class=\"wpb_text_column wpb_content_element \">\n\t\t<div class=\"wpb_wrapper\">\n\t\t\t<h1 class=\"entry-title\" style=\"text-align: center;\"><span style=\"color: #ffffff;\">Vid\u00e9os<\/span><\/h1>\n\n\t\t<\/div> \n\t<\/div> \t<div class=\"vc_empty_space\"  style=\"height: 22px\" ><span\n\t\t\tclass=\"vc_empty_space_inner\">\n\t\t\t<span class=\"empty_space_image\"  ><\/span>\n\t\t<\/span><\/div>\n\n\n\t<div class=\"wpb_text_column wpb_content_element \">\n\t\t<div class=\"wpb_wrapper\">\n\t\t\t<p style=\"text-align: center;\"><span style=\"color: #ffffff;\">Ici vous pouvez trouver une s\u00e9lection de vid\u00e9os de Lupan handpans jou\u00e9s par diff\u00e9rents musiciens. Dans la section <span style=\"color: #ddba08;\"><a style=\"color: #ddba08;\" href=\"\/fr\/intruments\/\">Instruments<\/a> <\/span> vous trouverez des liens vers des gammes sp\u00e9cifiques. Pour plus de vid\u00e9os, veuillez vous abonner \u00e0 mon canal youtube <span style=\"color: #9e841f;\"><a style=\"color: #ddba08;\" href=\"https:\/\/www.youtube.com\/c\/lupanhandpans\" target=\"_blank\" rel=\"noopener noreferrer\">Lupan Handpans<\/a><\/span>.<\/span><\/p>\n\n\t\t<\/div> \n\t<\/div> \t<div class=\"vc_empty_space\"  style=\"height: 60px\" ><span\n\t\t\tclass=\"vc_empty_space_inner\">\n\t\t\t<span class=\"empty_space_image\"  ><\/span>\n\t\t<\/span><\/div>\n\n<\/div><\/div><\/div><\/div><\/div><div      class=\"vc_row wpb_row section vc_row-fluid vc_inner \" style=' text-align:left;'><div class=\" full_section_inner clearfix\"><div class=\"wpb_column vc_column_container vc_col-sm-6\"><div class=\"vc_column-inner\"><div class=\"wpb_wrapper\"><div id=\"ts-vcsc-youtube-4565049\" class=\"ts-vcsc-youtube-4565049-parent nch-holder vide nchgrid-item nch-lightbox-youtube nch-lightbox-single  nch-lightbox-hover-zoom  \" style=\"margin-top: 0px; margin-bottom: 0px; width: 100%; height: 100%;\"><a href=\"https:\/\/www.youtube.com\/watch?v=hvbuwFCIAMM&amp;feature=youtu.be\" class=\"nch-lightbox-media no-ajaxy\" target=\"_blank\" data-thumbnail=\"https:\/\/img.youtube.com\/vi\/hvbuwFCIAMM\/hqdefault.jpg\" data-title=\"\" data-contenttype=\"video\" data-listid=\"\" data-userid=\"\" data-videofirst=\"\" data-videosother=\"\" data-search=\"\" data-infobar=\"false\" data-controls=\"1\" data-autohide=\"1\" data-start=\"0\" data-end=\"0\" data-related=\"false\" data-loop=\"false\" data-modest=\"false\" data-quality=\"auto\" data-videoplay=\"false\" data-type=\"youtube\" rel=\"nachogroup\" data-effect=\"random\" data-share=\"0\" data-duration=\"5000\"  ><img class=\"nchgrid-image-zoom\" src=\"https:\/\/img.youtube.com\/vi\/hvbuwFCIAMM\/hqdefault.jpg\" title=\"\" data-no-lazy=\"1\" style=\"display: block; width: 100%; height: auto;\"><div class=\"nchgrid-caption \" style=\"background-color: rgba(24,24,24,0.3); \"><\/div><\/a><\/div>\t<div class=\"vc_empty_space\"  style=\"height: 32px\" ><span\n\t\t\tclass=\"vc_empty_space_inner\">\n\t\t\t<span class=\"empty_space_image\"  ><\/span>\n\t\t<\/span><\/div>\n\n<\/div><\/div><\/div><div class=\"wpb_column vc_column_container vc_col-sm-6\"><div class=\"vc_column-inner\"><div class=\"wpb_wrapper\"><div id=\"ts-vcsc-youtube-4424335\" class=\"ts-vcsc-youtube-4424335-parent nch-holder vide nchgrid-item nch-lightbox-youtube nch-lightbox-single  nch-lightbox-hover-zoom  \" style=\"margin-top: 0px; margin-bottom: 0px; width: 100%; height: 100%;\"><a href=\"https:\/\/www.youtube.com\/watch?v=41u-dczu2P0&amp;feature=youtu.be\" class=\"nch-lightbox-media no-ajaxy\" target=\"_blank\" data-thumbnail=\"https:\/\/img.youtube.com\/vi\/41u-dczu2P0\/hqdefault.jpg\" data-title=\"\" data-contenttype=\"video\" data-listid=\"\" data-userid=\"\" data-videofirst=\"\" data-videosother=\"\" data-search=\"\" data-infobar=\"false\" data-controls=\"1\" data-autohide=\"1\" data-start=\"0\" data-end=\"0\" data-related=\"false\" data-loop=\"false\" data-modest=\"false\" data-quality=\"auto\" data-videoplay=\"false\" data-type=\"youtube\" rel=\"nachogroup\" data-effect=\"random\" data-share=\"0\" data-duration=\"5000\"  ><img class=\"nchgrid-image-zoom\" src=\"https:\/\/img.youtube.com\/vi\/41u-dczu2P0\/hqdefault.jpg\" title=\"\" data-no-lazy=\"1\" style=\"display: block; width: 100%; height: auto;\"><div class=\"nchgrid-caption \" style=\"background-color: rgba(24,24,24,0.3); \"><\/div><\/a><\/div>\t<div class=\"vc_empty_space\"  style=\"height: 32px\" ><span\n\t\t\tclass=\"vc_empty_space_inner\">\n\t\t\t<span class=\"empty_space_image\"  ><\/span>\n\t\t<\/span><\/div>\n\n<\/div><\/div><\/div><\/div><\/div><div      class=\"vc_row wpb_row section vc_row-fluid vc_inner \" style=' text-align:left;'><div class=\" full_section_inner clearfix\"><div class=\"wpb_column vc_column_container vc_col-sm-6\"><div class=\"vc_column-inner\"><div class=\"wpb_wrapper\"><div id=\"ts-vcsc-youtube-5736375\" class=\"ts-vcsc-youtube-5736375-parent nch-holder vide nchgrid-item nch-lightbox-youtube nch-lightbox-single  nch-lightbox-hover-zoom  \" style=\"margin-top: 0px; margin-bottom: 0px; width: 100%; height: 100%;\"><a href=\"https:\/\/www.youtube.com\/watch?v=M06vowW2JQ4\" class=\"nch-lightbox-media no-ajaxy\" target=\"_blank\" data-thumbnail=\"https:\/\/img.youtube.com\/vi\/M06vowW2JQ4\/hqdefault.jpg\" data-title=\"\" data-contenttype=\"video\" data-listid=\"\" data-userid=\"\" data-videofirst=\"\" data-videosother=\"\" data-search=\"\" data-infobar=\"false\" data-controls=\"1\" data-autohide=\"1\" data-start=\"0\" data-end=\"0\" data-related=\"false\" data-loop=\"false\" data-modest=\"false\" data-quality=\"auto\" data-videoplay=\"false\" data-type=\"youtube\" rel=\"nachogroup\" data-effect=\"random\" data-share=\"0\" data-duration=\"5000\"  ><img class=\"nchgrid-image-zoom\" src=\"https:\/\/img.youtube.com\/vi\/M06vowW2JQ4\/hqdefault.jpg\" title=\"\" data-no-lazy=\"1\" style=\"display: block; width: 100%; height: auto;\"><div class=\"nchgrid-caption \" style=\"background-color: rgba(24,24,24,0.3); \"><\/div><\/a><\/div>\t<div class=\"vc_empty_space\"  style=\"height: 32px\" ><span\n\t\t\tclass=\"vc_empty_space_inner\">\n\t\t\t<span class=\"empty_space_image\"  ><\/span>\n\t\t<\/span><\/div>\n\n<\/div><\/div><\/div><div class=\"wpb_column vc_column_container vc_col-sm-6\"><div class=\"vc_column-inner\"><div class=\"wpb_wrapper\"><div id=\"ts-vcsc-youtube-9038553\" class=\"ts-vcsc-youtube-9038553-parent nch-holder vide nchgrid-item nch-lightbox-youtube nch-lightbox-single  nch-lightbox-hover-zoom  \" style=\"margin-top: 0px; margin-bottom: 0px; width: 100%; height: 100%;\"><a href=\"https:\/\/www.youtube.com\/watch?v=hXwlooHewWM\" class=\"nch-lightbox-media no-ajaxy\" target=\"_blank\" data-thumbnail=\"https:\/\/img.youtube.com\/vi\/hXwlooHewWM\/hqdefault.jpg\" data-title=\"\" data-contenttype=\"video\" data-listid=\"\" data-userid=\"\" data-videofirst=\"\" data-videosother=\"\" data-search=\"\" data-infobar=\"false\" data-controls=\"1\" data-autohide=\"1\" data-start=\"0\" data-end=\"0\" data-related=\"false\" data-loop=\"false\" data-modest=\"false\" data-quality=\"auto\" data-videoplay=\"false\" data-type=\"youtube\" rel=\"nachogroup\" data-effect=\"random\" data-share=\"0\" data-duration=\"5000\"  ><img class=\"nchgrid-image-zoom\" src=\"https:\/\/img.youtube.com\/vi\/hXwlooHewWM\/hqdefault.jpg\" title=\"\" data-no-lazy=\"1\" style=\"display: block; width: 100%; height: auto;\"><div class=\"nchgrid-caption \" style=\"background-color: rgba(24,24,24,0.3); \"><\/div><\/a><\/div>\t<div class=\"vc_empty_space\"  style=\"height: 32px\" ><span\n\t\t\tclass=\"vc_empty_space_inner\">\n\t\t\t<span class=\"empty_space_image\"  ><\/span>\n\t\t<\/span><\/div>\n\n<\/div><\/div><\/div><\/div><\/div><div      class=\"vc_row wpb_row section vc_row-fluid vc_inner \" style=' text-align:left;'><div class=\" full_section_inner clearfix\"><div class=\"wpb_column vc_column_container vc_col-sm-6\"><div class=\"vc_column-inner\"><div class=\"wpb_wrapper\"><div id=\"ts-vcsc-youtube-9285023\" class=\"ts-vcsc-youtube-9285023-parent nch-holder vide nchgrid-item nch-lightbox-youtube nch-lightbox-single  nch-lightbox-hover-zoom  \" style=\"margin-top: 0px; margin-bottom: 0px; width: 100%; height: 100%;\"><a href=\"https:\/\/www.youtube.com\/watch?v=Pwo8n5neW4w\" class=\"nch-lightbox-media no-ajaxy\" target=\"_blank\" data-thumbnail=\"https:\/\/img.youtube.com\/vi\/Pwo8n5neW4w\/hqdefault.jpg\" data-title=\"\" data-contenttype=\"video\" data-listid=\"\" data-userid=\"\" data-videofirst=\"\" data-videosother=\"\" data-search=\"\" data-infobar=\"false\" data-controls=\"1\" data-autohide=\"1\" data-start=\"0\" data-end=\"0\" data-related=\"false\" data-loop=\"false\" data-modest=\"false\" data-quality=\"auto\" data-videoplay=\"false\" data-type=\"youtube\" rel=\"nachogroup\" data-effect=\"random\" data-share=\"0\" data-duration=\"5000\"  ><img class=\"nchgrid-image-zoom\" src=\"https:\/\/img.youtube.com\/vi\/Pwo8n5neW4w\/hqdefault.jpg\" title=\"\" data-no-lazy=\"1\" style=\"display: block; width: 100%; height: auto;\"><div class=\"nchgrid-caption \" style=\"background-color: rgba(24,24,24,0.3); \"><\/div><\/a><\/div>\t<div class=\"vc_empty_space\"  style=\"height: 32px\" ><span\n\t\t\tclass=\"vc_empty_space_inner\">\n\t\t\t<span class=\"empty_space_image\"  ><\/span>\n\t\t<\/span><\/div>\n\n<\/div><\/div><\/div><div class=\"wpb_column vc_column_container vc_col-sm-6\"><div class=\"vc_column-inner\"><div class=\"wpb_wrapper\"><div id=\"ts-vcsc-youtube-5582676\" class=\"ts-vcsc-youtube-5582676-parent nch-holder vide nchgrid-item nch-lightbox-youtube nch-lightbox-single  nch-lightbox-hover-zoom  \" style=\"margin-top: 0px; margin-bottom: 0px; width: 100%; height: 100%;\"><a href=\"https:\/\/www.youtube.com\/watch?v=-CW3jo2Cda4\" class=\"nch-lightbox-media no-ajaxy\" target=\"_blank\" data-thumbnail=\"https:\/\/img.youtube.com\/vi\/-CW3jo2Cda4\/hqdefault.jpg\" data-title=\"\" data-contenttype=\"video\" data-listid=\"\" data-userid=\"\" data-videofirst=\"\" data-videosother=\"\" data-search=\"\" data-infobar=\"true\" data-controls=\"1\" data-autohide=\"1\" data-start=\"0\" data-end=\"0\" data-related=\"false\" data-loop=\"false\" data-modest=\"false\" data-quality=\"auto\" data-videoplay=\"false\" data-type=\"youtube\" rel=\"nachogroup\" data-effect=\"random\" data-share=\"0\" data-duration=\"5000\"  ><img class=\"nchgrid-image-zoom\" src=\"https:\/\/img.youtube.com\/vi\/-CW3jo2Cda4\/hqdefault.jpg\" title=\"\" data-no-lazy=\"1\" style=\"display: block; width: 100%; height: auto;\"><div class=\"nchgrid-caption \" style=\"background-color: rgba(24,24,24,0.3); \"><\/div><\/a><\/div>\t<div class=\"vc_empty_space\"  style=\"height: 32px\" ><span\n\t\t\tclass=\"vc_empty_space_inner\">\n\t\t\t<span class=\"empty_space_image\"  ><\/span>\n\t\t<\/span><\/div>\n\n<\/div><\/div><\/div><\/div><\/div><div      class=\"vc_row wpb_row section vc_row-fluid vc_inner \" style=' text-align:left;'><div class=\" full_section_inner clearfix\"><div class=\"wpb_column vc_column_container vc_col-sm-6\"><div class=\"vc_column-inner\"><div class=\"wpb_wrapper\"><div id=\"ts-vcsc-youtube-4937283\" class=\"ts-vcsc-youtube-4937283-parent nch-holder vide nchgrid-item nch-lightbox-youtube nch-lightbox-single  nch-lightbox-hover-zoom  \" style=\"margin-top: 0px; margin-bottom: 0px; width: 100%; height: 100%;\"><a href=\"https:\/\/www.youtube.com\/watch?v=--odiZUHQf4\" class=\"nch-lightbox-media no-ajaxy\" target=\"_blank\" data-thumbnail=\"https:\/\/img.youtube.com\/vi\/--odiZUHQf4\/hqdefault.jpg\" data-title=\"\" data-contenttype=\"video\" data-listid=\"\" data-userid=\"\" data-videofirst=\"\" data-videosother=\"\" data-search=\"\" data-infobar=\"false\" data-controls=\"1\" data-autohide=\"1\" data-start=\"0\" data-end=\"0\" data-related=\"false\" data-loop=\"false\" data-modest=\"false\" data-quality=\"auto\" data-videoplay=\"false\" data-type=\"youtube\" rel=\"nachogroup\" data-effect=\"random\" data-share=\"0\" data-duration=\"5000\"  ><img class=\"nchgrid-image-zoom\" src=\"https:\/\/img.youtube.com\/vi\/--odiZUHQf4\/hqdefault.jpg\" title=\"\" data-no-lazy=\"1\" style=\"display: block; width: 100%; height: auto;\"><div class=\"nchgrid-caption \" style=\"background-color: rgba(24,24,24,0.3); \"><\/div><\/a><\/div>\t<div class=\"vc_empty_space\"  style=\"height: 32px\" ><span\n\t\t\tclass=\"vc_empty_space_inner\">\n\t\t\t<span class=\"empty_space_image\"  ><\/span>\n\t\t<\/span><\/div>\n\n<\/div><\/div><\/div><div class=\"wpb_column vc_column_container vc_col-sm-6\"><div class=\"vc_column-inner\"><div class=\"wpb_wrapper\"><div id=\"ts-vcsc-youtube-5223269\" class=\"ts-vcsc-youtube-5223269-parent nch-holder vide nchgrid-item nch-lightbox-youtube nch-lightbox-single  nch-lightbox-hover-zoom  \" style=\"margin-top: 0px; margin-bottom: 0px; width: 100%; height: 100%;\"><a href=\"https:\/\/www.youtube.com\/watch?v=8li2qMr7KNg\" class=\"nch-lightbox-media no-ajaxy\" target=\"_blank\" data-thumbnail=\"https:\/\/img.youtube.com\/vi\/8li2qMr7KNg\/hqdefault.jpg\" data-title=\"\" data-contenttype=\"video\" data-listid=\"\" data-userid=\"\" data-videofirst=\"\" data-videosother=\"\" data-search=\"\" data-infobar=\"false\" data-controls=\"1\" data-autohide=\"1\" data-start=\"0\" data-end=\"0\" data-related=\"false\" data-loop=\"false\" data-modest=\"false\" data-quality=\"auto\" data-videoplay=\"false\" data-type=\"youtube\" rel=\"nachogroup\" data-effect=\"random\" data-share=\"0\" data-duration=\"5000\"  ><img class=\"nchgrid-image-zoom\" src=\"https:\/\/img.youtube.com\/vi\/8li2qMr7KNg\/hqdefault.jpg\" title=\"\" data-no-lazy=\"1\" style=\"display: block; width: 100%; height: auto;\"><div class=\"nchgrid-caption \" style=\"background-color: rgba(24,24,24,0.3); \"><\/div><\/a><\/div><\/div><\/div><\/div><\/div><\/div>\t<div class=\"vc_empty_space\"  style=\"height: 30px\" ><span\n\t\t\tclass=\"vc_empty_space_inner\">\n\t\t\t<span class=\"empty_space_image\"  ><\/span>\n\t\t<\/span><\/div>\n\n<\/div><\/div><\/div><\/div><\/div><\/div><div      class=\"vc_row wpb_row section vc_row-fluid  grid_section\" style=' text-align:center;'><div class=\" section_inner clearfix\"><div class='section_inner_margin clearfix'><div class=\"wpb_column vc_column_container vc_col-sm-12\"><div class=\"vc_column-inner\"><div class=\"wpb_wrapper\">\t<div class=\"vc_empty_space\"  style=\"height: 60px\" ><span\n\t\t\tclass=\"vc_empty_space_inner\">\n\t\t\t<span class=\"empty_space_image\"  ><\/span>\n\t\t<\/span><\/div>\n\n<div      class=\"vc_row wpb_row section vc_row-fluid vc_inner \" style=' text-align:left;'><div class=\" full_section_inner clearfix\"><div class=\"wpb_column vc_column_container vc_col-sm-3\"><div class=\"vc_column-inner\"><div class=\"wpb_wrapper\"><\/div><\/div><\/div><div class=\"wpb_column vc_column_container vc_col-sm-2\"><div class=\"vc_column-inner\"><div class=\"wpb_wrapper\"><\/div><\/div><\/div><div class=\"wpb_column vc_column_container vc_col-sm-4\"><div class=\"vc_column-inner\"><div class=\"wpb_wrapper\">\n\t<div class=\"wpb_text_column wpb_content_element \">\n\t\t<div class=\"wpb_wrapper\">\n\t\t\t<p><a href=\"https:\/\/www.facebook.com\/lupanhandpans\/\" target=\"_blank\" rel=\"noopener noreferrer\"><img loading=\"lazy\" class=\"alignleft wp-image-17887\" src=\"https:\/\/lupanhandpans.com\/wp-content\/uploads\/2019\/05\/facebook.png\" alt=\"\" width=\"30\" height=\"30\" \/><\/a><a href=\"https:\/\/www.instagram.com\/marklupan\/\" target=\"_blank\" rel=\"noopener noreferrer\"><img loading=\"lazy\" class=\"alignleft wp-image-17889\" src=\"https:\/\/lupanhandpans.com\/wp-content\/uploads\/2019\/05\/Instagram.png\" alt=\"\" width=\"30\" height=\"30\" \/><\/a><a href=\"https:\/\/www.youtube.com\/lupanhandpans\" target=\"_blank\" rel=\"noopener noreferrer\"><img loading=\"lazy\" class=\"alignleft wp-image-17893\" src=\"https:\/\/lupanhandpans.com\/wp-content\/uploads\/2019\/05\/youtube.png\" alt=\"\" width=\"30\" height=\"30\" \/><\/a><a href=\"mailto:lupanhandpans@yahoo.com \"><img loading=\"lazy\" class=\"alignleft wp-image-17891\" src=\"https:\/\/lupanhandpans.com\/wp-content\/uploads\/2019\/05\/mail.png\" alt=\"\" width=\"30\" height=\"30\" \/><\/a><\/p>\n\n\t\t<\/div> \n\t<\/div> <\/div><\/div><\/div><div class=\"wpb_column vc_column_container vc_col-sm-3\"><div class=\"vc_column-inner\"><div class=\"wpb_wrapper\"><\/div><\/div><\/div><\/div><\/div>\t<div class=\"vc_empty_space\"  style=\"height: 30px\" ><span\n\t\t\tclass=\"vc_empty_space_inner\">\n\t\t\t<span class=\"empty_space_image\"  ><\/span>\n\t\t<\/span><\/div>\n\n<div      class=\"vc_row wpb_row section vc_row-fluid vc_inner \" style=' text-align:left;'><div class=\" full_section_inner clearfix\"><div class=\"wpb_column vc_column_container vc_col-sm-12\"><div class=\"vc_column-inner\"><div class=\"wpb_wrapper\">\n\t<div class=\"wpb_text_column wpb_content_element \">\n\t\t<div class=\"wpb_wrapper\">\n\t\t\t<h6 style=\"text-align: center;\"><span style=\"color: #ffffff;\">Copyright 2019 \u00a9 Lupan Handpans | <a style=\"color: #ffffff;\" href=\"\/fr\/privacy-policy\/\">Privacy Policy<\/a> | <a style=\"color: #ffffff;\" href=\"\/fr\/cookies\/\">Cookies Policy<\/a><\/span><\/h6>\n\n\t\t<\/div> \n\t<\/div> <\/div><\/div><\/div><\/div><\/div>\t<div class=\"vc_empty_space\"  style=\"height: 100px\" ><span\n\t\t\tclass=\"vc_empty_space_inner\">\n\t\t\t<span class=\"empty_space_image\"  ><\/span>\n\t\t<\/span><\/div>\n\n<\/div><\/div><\/div><\/div><\/div><\/div>\n","protected":false},"excerpt":{"rendered":"Vid\u00e9os Ici vous pouvez trouver une s\u00e9lection de vid\u00e9os de Lupan handpans jou\u00e9s par diff\u00e9rents musiciens. Dans la section Instruments vous trouverez des liens vers des gammes sp\u00e9cifiques. Pour plus de vid\u00e9os, veuillez vous abonner \u00e0 mon canal youtube Lupan Handpans. Copyright 2019 \u00a9 Lupan...","protected":false},"author":1,"featured_media":0,"parent":0,"menu_order":0,"comment_status":"closed","ping_status":"closed","template":"full_width.php","meta":[],"yoast_head":"<!-- This site is optimized with the Yoast SEO plugin v17.4 - https:\/\/yoast.com\/wordpress\/plugins\/seo\/ -->\n<title>Vid\u00e9os - Lupan Handpans<\/title>\n<meta name=\"robots\" content=\"index, follow, max-snippet:-1, max-image-preview:large, max-video-preview:-1\" \/>\n<link rel=\"canonical\" href=\"https:\/\/lupanhandpans.com\/fr\/videos\/\" \/>\n<meta property=\"og:locale\" content=\"fr_FR\" \/>\n<meta property=\"og:type\" content=\"article\" \/>\n<meta property=\"og:title\" content=\"Vid\u00e9os - Lupan Handpans\" \/>\n<meta property=\"og:url\" content=\"https:\/\/lupanhandpans.com\/fr\/videos\/\" \/>\n<meta property=\"og:site_name\" content=\"Lupan Handpans\" \/>\n<meta property=\"article:modified_time\" content=\"2021-06-23T13:02:25+00:00\" \/>\n<meta property=\"og:image\" content=\"https:\/\/lupanhandpans.com\/wp-content\/uploads\/2019\/05\/facebook.png\" \/>\n<meta name=\"twitter:card\" content=\"summary_large_image\" \/>\n<meta name=\"twitter:label1\" content=\"Dur\u00e9e de lecture est.\" \/>\n\t<meta name=\"twitter:data1\" content=\"4 minutes\" \/>\n<script type=\"application\/ld+json\" class=\"yoast-schema-graph\">{\"@context\":\"https:\/\/schema.org\",\"@graph\":[{\"@type\":\"WebSite\",\"@id\":\"https:\/\/lupanhandpans.com\/#website\",\"url\":\"https:\/\/lupanhandpans.com\/\",\"name\":\"Lupan Handpans\",\"description\":\"Instrumentos\",\"potentialAction\":[{\"@type\":\"SearchAction\",\"target\":{\"@type\":\"EntryPoint\",\"urlTemplate\":\"https:\/\/lupanhandpans.com\/?s={search_term_string}\"},\"query-input\":\"required name=search_term_string\"}],\"inLanguage\":\"fr-FR\"},{\"@type\":\"ImageObject\",\"@id\":\"https:\/\/lupanhandpans.com\/fr\/videos\/#primaryimage\",\"inLanguage\":\"fr-FR\",\"url\":\"https:\/\/lupanhandpans.com\/wp-content\/uploads\/2019\/05\/facebook.png\",\"contentUrl\":\"https:\/\/lupanhandpans.com\/wp-content\/uploads\/2019\/05\/facebook.png\",\"width\":49,\"height\":49},{\"@type\":\"WebPage\",\"@id\":\"https:\/\/lupanhandpans.com\/fr\/videos\/#webpage\",\"url\":\"https:\/\/lupanhandpans.com\/fr\/videos\/\",\"name\":\"Vid\\u00e9os - Lupan Handpans\",\"isPartOf\":{\"@id\":\"https:\/\/lupanhandpans.com\/#website\"},\"primaryImageOfPage\":{\"@id\":\"https:\/\/lupanhandpans.com\/fr\/videos\/#primaryimage\"},\"datePublished\":\"2019-05-28T08:20:55+00:00\",\"dateModified\":\"2021-06-23T13:02:25+00:00\",\"breadcrumb\":{\"@id\":\"https:\/\/lupanhandpans.com\/fr\/videos\/#breadcrumb\"},\"inLanguage\":\"fr-FR\",\"potentialAction\":[{\"@type\":\"ReadAction\",\"target\":[\"https:\/\/lupanhandpans.com\/fr\/videos\/\"]}]},{\"@type\":\"BreadcrumbList\",\"@id\":\"https:\/\/lupanhandpans.com\/fr\/videos\/#breadcrumb\",\"itemListElement\":[{\"@type\":\"ListItem\",\"position\":1,\"name\":\"Home\",\"item\":\"https:\/\/lupanhandpans.com\/fr\/\"},{\"@type\":\"ListItem\",\"position\":2,\"name\":\"Vid\\u00e9os\"}]}]}<\/script>\n<!-- \/ Yoast SEO plugin. -->","yoast_head_json":{"title":"Vid\u00e9os - Lupan Handpans","robots":{"index":"index","follow":"follow","max-snippet":"max-snippet:-1","max-image-preview":"max-image-preview:large","max-video-preview":"max-video-preview:-1"},"canonical":"https:\/\/lupanhandpans.com\/fr\/videos\/","og_locale":"fr_FR","og_type":"article","og_title":"Vid\u00e9os - Lupan Handpans","og_url":"https:\/\/lupanhandpans.com\/fr\/videos\/","og_site_name":"Lupan Handpans","article_modified_time":"2021-06-23T13:02:25+00:00","og_image":[{"url":"https:\/\/lupanhandpans.com\/wp-content\/uploads\/2019\/05\/facebook.png"}],"twitter_card":"summary_large_image","twitter_misc":{"Dur\u00e9e de lecture est.":"4 minutes"},"schema":{"@context":"https:\/\/schema.org","@graph":[{"@type":"WebSite","@id":"https:\/\/lupanhandpans.com\/#website","url":"https:\/\/lupanhandpans.com\/","name":"Lupan Handpans","description":"Instrumentos","potentialAction":[{"@type":"SearchAction","target":{"@type":"EntryPoint","urlTemplate":"https:\/\/lupanhandpans.com\/?s={search_term_string}"},"query-input":"required name=search_term_string"}],"inLanguage":"fr-FR"},{"@type":"ImageObject","@id":"https:\/\/lupanhandpans.com\/fr\/videos\/#primaryimage","inLanguage":"fr-FR","url":"https:\/\/lupanhandpans.com\/wp-content\/uploads\/2019\/05\/facebook.png","contentUrl":"https:\/\/lupanhandpans.com\/wp-content\/uploads\/2019\/05\/facebook.png","width":49,"height":49},{"@type":"WebPage","@id":"https:\/\/lupanhandpans.com\/fr\/videos\/#webpage","url":"https:\/\/lupanhandpans.com\/fr\/videos\/","name":"Vid\u00e9os - Lupan Handpans","isPartOf":{"@id":"https:\/\/lupanhandpans.com\/#website"},"primaryImageOfPage":{"@id":"https:\/\/lupanhandpans.com\/fr\/videos\/#primaryimage"},"datePublished":"2019-05-28T08:20:55+00:00","dateModified":"2021-06-23T13:02:25+00:00","breadcrumb":{"@id":"https:\/\/lupanhandpans.com\/fr\/videos\/#breadcrumb"},"inLanguage":"fr-FR","potentialAction":[{"@type":"ReadAction","target":["https:\/\/lupanhandpans.com\/fr\/videos\/"]}]},{"@type":"BreadcrumbList","@id":"https:\/\/lupanhandpans.com\/fr\/videos\/#breadcrumb","itemListElement":[{"@type":"ListItem","position":1,"name":"Home","item":"https:\/\/lupanhandpans.com\/fr\/"},{"@type":"ListItem","position":2,"name":"Vid\u00e9os"}]}]}},"_links":{"self":[{"href":"https:\/\/lupanhandpans.com\/fr\/wp-json\/wp\/v2\/pages\/16437"}],"collection":[{"href":"https:\/\/lupanhandpans.com\/fr\/wp-json\/wp\/v2\/pages"}],"about":[{"href":"https:\/\/lupanhandpans.com\/fr\/wp-json\/wp\/v2\/types\/page"}],"author":[{"embeddable":true,"href":"https:\/\/lupanhandpans.com\/fr\/wp-json\/wp\/v2\/users\/1"}],"replies":[{"embeddable":true,"href":"https:\/\/lupanhandpans.com\/fr\/wp-json\/wp\/v2\/comments?post=16437"}],"version-history":[{"count":8,"href":"https:\/\/lupanhandpans.com\/fr\/wp-json\/wp\/v2\/pages\/16437\/revisions"}],"predecessor-version":[{"id":18227,"href":"https:\/\/lupanhandpans.com\/fr\/wp-json\/wp\/v2\/pages\/16437\/revisions\/18227"}],"wp:attachment":[{"href":"https:\/\/lupanhandpans.com\/fr\/wp-json\/wp\/v2\/media?parent=16437"}],"curies":[{"name":"wp","href":"https:\/\/api.w.org\/{rel}","templated":true}]}}