{"id":16562,"date":"2019-05-28T13:20:07","date_gmt":"2019-05-28T13:20:07","guid":{"rendered":"https:\/\/lupanhandpans.com\/?page_id=16562"},"modified":"2022-12-26T21:06:14","modified_gmt":"2022-12-26T21:06:14","slug":"f-a-q","status":"publish","type":"page","link":"https:\/\/lupanhandpans.com\/fr\/f-a-q\/","title":{"rendered":"F.A.Q."},"content":{"rendered":"<div      class=\"vc_row wpb_row section vc_row-fluid  vc_custom_1557233478072 grid_section\" style=' text-align:left;'><div class=\" section_inner clearfix\"><div class='section_inner_margin clearfix'><div class=\"wpb_column vc_column_container vc_col-sm-12\"><div class=\"vc_column-inner\"><div class=\"wpb_wrapper\">\t<div class=\"vc_empty_space\"  style=\"height: 100px\" ><span\n\t\t\tclass=\"vc_empty_space_inner\">\n\t\t\t<span class=\"empty_space_image\"  ><\/span>\n\t\t<\/span><\/div>\n\n<div      class=\"vc_row wpb_row section vc_row-fluid vc_inner \" style=' text-align:left;'><div class=\" full_section_inner clearfix\"><div class=\"wpb_column vc_column_container vc_col-sm-12 vc_hidden-sm vc_hidden-xs\"><div class=\"vc_column-inner\"><div class=\"wpb_wrapper\">\t<div class=\"vc_empty_space\"  style=\"height: 50px\" ><span\n\t\t\tclass=\"vc_empty_space_inner\">\n\t\t\t<span class=\"empty_space_image\"  ><\/span>\n\t\t<\/span><\/div>\n\n<\/div><\/div><\/div><\/div><\/div><div      class=\"vc_row wpb_row section vc_row-fluid vc_inner \" style=' text-align:left;'><div class=\" full_section_inner clearfix\"><div class=\"wpb_column vc_column_container vc_col-sm-12\"><div class=\"vc_column-inner\"><div class=\"wpb_wrapper\">\t<div class=\"vc_empty_space\"  style=\"height: 42px\" ><span\n\t\t\tclass=\"vc_empty_space_inner\">\n\t\t\t<span class=\"empty_space_image\"  ><\/span>\n\t\t<\/span><\/div>\n\n\n\t<div class=\"wpb_text_column wpb_content_element \">\n\t\t<div class=\"wpb_wrapper\">\n\t\t\t<h1 style=\"text-align: center;\"><span style=\"color: #ffffff;\">F.A.Q.<\/span><\/h1>\n\n\t\t<\/div> \n\t<\/div> \t<div class=\"vc_empty_space\"  style=\"height: 22px\" ><span\n\t\t\tclass=\"vc_empty_space_inner\">\n\t\t\t<span class=\"empty_space_image\"  ><\/span>\n\t\t<\/span><\/div>\n\n\n\t<div class=\"wpb_text_column wpb_content_element \">\n\t\t<div class=\"wpb_wrapper\">\n\t\t\t<p><span style=\"color: #ffffff;\"><strong>Qu&rsquo;est-ce qu&rsquo;un HandPan?<\/strong><\/span><\/p>\n<p><span style=\"color: #ffffff;\">Le Handpan est un instrument \u00e0 percussion d\u00e9riv\u00e9 des SteelPan des Cara\u00efbes. Il est fabriqu\u00e9 en t\u00f4le d&rsquo;acier (g\u00e9n\u00e9ralement 1 mm ou 1,2 mm d&rsquo;\u00e9paisseur). Elle est principalement fa\u00e7onn\u00e9e \u00e0 la main avec diff\u00e9rents marteaux, cr\u00e9ant ainsi plusieurs membranes s\u00e9par\u00e9es, des champs sonores. Le champ sonore central s&rsquo;appelle Ding et est la note la plus basse. Chaque champ sonore comporte au moins 3 notes accord\u00e9es, la fondamentale et les harmoniques. Ainsi, lorsque vous frappez un champ sonore, vous entendez en fait 3 notes. La fondamentale, l&rsquo;octave et sa quinte. Par exemple A3\/A4\/E5. Pour les notes les plus aigu\u00ebs, 2 octaves sont accord\u00e9es (D5\/D6\/D6).<\/span><\/p>\n<p>&nbsp;<\/p>\n<p><span style=\"color: #ffffff;\">Tout le travail de r\u00e9glage et de mise en forme est fait \u00e0 la main, c\u2019est pourquoi chaque instrument est unique.<\/span><br \/>\n<span style=\"color: #ffffff;\">\u00a0<\/span><\/p>\n<p>&nbsp;<\/p>\n<p>&nbsp;<\/p>\n<p><span style=\"color: #ffffff;\"><strong>Qu&rsquo;est-ce qu\u2019un Handpan de bonne qualit\u00e9?<\/strong><\/span><\/p>\n<p>&nbsp;<\/p>\n<p><span style=\"color: #ffffff;\">1. Qu&rsquo;est-ce qui fait un bon son ? Tout d&rsquo;abord une fondamentale forte. Cela signifie une note stable avec un corps riche et une bonne dose de sustain. Les harmoniques (ou partielles) doivent \u00eatre soutenues mais pas plus fort ou durer beaucoup plus longtemps que la fondamentale elle-m\u00eame. Vous devriez \u00eatre capable d&rsquo;avoir un son complet ou d&rsquo;isoler facilement les harmoniques en fonction de la technique utilis\u00e9e. Les notes ne doivent pas interf\u00e9rer les uns avec les autres. Cela signifie que chaque note doit avoir un son complet sans activer celui qui se trouve \u00e0 c\u00f4t\u00e9. <\/span><\/p>\n<p>&nbsp;<\/p>\n<p><span style=\"color: #ffffff;\">2. Les Notes ont besoin de la bonne quantit\u00e9 de tension pour ne pas perdre le contr\u00f4le lorsqu&rsquo;ils sont jou\u00e9s fort. La hauteur ne doit pas changer (osciller) avec un coup de doigts plus fort. Toutes les notes doivent \u00eatre \u00e9quilibr\u00e9es, c&rsquo;est-\u00e0-dire qu&rsquo;elles doivent \u00eatre jou\u00e9es avec la m\u00eame intensit\u00e9, avec un volume et un sustain similaires.<\/span><\/p>\n<p>&nbsp;<\/p>\n<p><span style=\"color: #ffffff;\">3. La mise en forme des notes, le traitement thermique et la technique d&rsquo;accordage ont une grande influence sur la stabilit\u00e9 de l&rsquo;accord. Cependant, il est normal que l&rsquo;accord puisse se d\u00e9placer l\u00e9g\u00e8rement au fil des ans, ceci est d\u00fb aux processus du m\u00e9tal lui-m\u00eame. Les joueurs professionnels ont leur pan accord\u00e9 tous les 2 ans.<\/span><\/p>\n<p>&nbsp;<\/p>\n<p><span style=\"color: #ffffff;\">Enfin, le mat\u00e9riau doit \u00eatre suffisamment prot\u00e9g\u00e9 contre la rouille. <\/span><\/p>\n<p>&nbsp;<\/p>\n<p>&nbsp;<\/p>\n<p>&nbsp;<\/p>\n<p><span style=\"color: #ffffff;\"><strong>Comment puis-je acheter un instrument?<\/strong><\/span><\/p>\n<p>&nbsp;<\/p>\n<p><span style=\"color: #ffffff;\">La meilleure mani\u00e8re est de venir visiter notre atelier pr\u00e8s de Barcelone, en Espagne, et choisir un instrument. <\/span><\/p>\n<p><span style=\"color: #ffffff;\">Vous pouvez \u00e9galement consulter la section Acheter sur ce site Web ou commander un. <\/span><\/p>\n<p>&nbsp;<\/p>\n<p>&nbsp;<\/p>\n<p>&nbsp;<\/p>\n<p><span style=\"color: #ffffff;\"><strong>Comment choisir une gamme?<\/strong><\/span><\/p>\n<p>&nbsp;<\/p>\n<p><span style=\"color: #ffffff;\">Vous pouvez regarder les vid\u00e9os des diff\u00e9rentes gammes et d\u00e9couvrir laquelle vous convient le mieux. Quoi qu&rsquo;il en soit, il y a tout un univers de possibilit\u00e9s musicales \u00e0 toutes les gammes. Dans le menu, vous trouverez une liste des gammes qui fonctionnent bien.<\/span><\/p>\n<p>&nbsp;<\/p>\n<p>&nbsp;<\/p>\n<p><span style=\"color: #ffffff;\"><strong>Est-ce que les handpan Lupan sont nitrur\u00e9s et quel mat\u00e9riau est utilis\u00e9?<\/strong><\/span><\/p>\n<p>&nbsp;<\/p>\n<p><span style=\"color: #ffffff;\">On utilize de l&rsquo;acier DC04 nitrur\u00e9 de 1 mm, du acier inoxidable AISI 430 et du acier inoxidable \u00ab\u00a0ember\u00a0\u00bb.<\/span><\/p>\n<p>&nbsp;<\/p>\n<p>&nbsp;<\/p>\n<p><span style=\"color: #ffffff;\"><strong>Quel est le prix des diff\u00e9rents mod\u00e8les? <\/strong><\/span><\/p>\n<p><span style=\"color: #ffffff;\">8 notes + Ding (9 notes au total): 1450 euro <\/span><\/p>\n<p><span style=\"color: #ffffff;\">9 notes + Ding (10 notes au total): 1600 euro <\/span><\/p>\n<p><span style=\"color: #ffffff;\">Softbag Smarty Repet: 80 euro <\/span><\/p>\n<p><span style=\"color: #ffffff;\">Evatek M (semi-rigide): 150 euro<\/span><\/p>\n<p><span style=\"color: #ffffff;\">Aviotek Flight Case: 300 euro<\/span><\/p>\n<p><span style=\"color: #ffffff;\">Envoi Europe: 60 euro<\/span><\/p>\n<p><span style=\"color: #ffffff;\">Envoi Internacional: 150 euro<\/span><\/p>\n<p>&nbsp;<\/p>\n<p><span style=\"color: #ffffff;\">Pour les notes en bas, cyclopes ou mutants, veuillez <a style=\"color: #ffffff;\" href=\"\/fr\/contact\/\"><span style=\"color: #ddba08;\">contacter avec nous<\/span>.<\/a><\/span><\/p>\n<p>&nbsp;<\/p>\n<p>&nbsp;<\/p>\n<p>&nbsp;<\/p>\n<p><span style=\"color: #ffffff;\"><strong>Comment prendre soin de l&rsquo;instrument?<\/strong><\/span><\/p>\n<p><span style=\"color: #ffffff;\">\u00c9vitez l&rsquo;eau sal\u00e9e et l&rsquo;humidit\u00e9 et assurez-vous que le sac que vous stockez est sec. La meilleure fa\u00e7on de nettoyer et de prot\u00e9ger votre handpan est de mettre quelques gouttes d&rsquo;huile (Phoenix, Ballistol ou Froglube) sur un petit morceau de tissu et de l&rsquo;\u00e9taler sur toute la surface de jeu et le bord. Ensuite, prenez du papier de cuisine (ou de toilette) et essuyez l&rsquo;exc\u00e9dent. Le r\u00e9sultat est une surface propre avec une tr\u00e8s fine couche d&rsquo;huile qui la prot\u00e8ge.<\/span><\/p>\n<p>&nbsp;<\/p>\n<p><span style=\"color: #ffffff;\">Manipulez-le avec pr\u00e9caution et prot\u00e9gez-le de toute pression ou impact sur les Notes. \u00c9vitez la lumi\u00e8re directe du soleil ou la chaleur sur la surface de jeu.<\/span><\/p>\n<p>&nbsp;<\/p>\n<p>&nbsp;<\/p>\n<p>&nbsp;<\/p>\n<p><span style=\"color: #ffffff;\"><strong>Que faire si je veux r\u00e9accorder mon handpan ou s&rsquo;il y a un probl\u00e8me avec celui-ci?<\/strong><\/span><\/p>\n<p><span style=\"color: #ffffff;\">Il suffit de me contacter. Je suis heureux d&rsquo;offrir un service \u00e0 vie pour mes instruments.<\/span><\/p>\n\n\t\t<\/div> \n\t<\/div> \t<div class=\"vc_empty_space\"  style=\"height: 100px\" ><span\n\t\t\tclass=\"vc_empty_space_inner\">\n\t\t\t<span class=\"empty_space_image\"  ><\/span>\n\t\t<\/span><\/div>\n\n<\/div><\/div><\/div><\/div><\/div><div      class=\"vc_row wpb_row section vc_row-fluid vc_inner \" style=' text-align:left;'><div class=\" full_section_inner clearfix\"><div class=\"wpb_column vc_column_container vc_col-sm-3 vc_hidden-sm vc_hidden-xs\"><div class=\"vc_column-inner\"><div class=\"wpb_wrapper\"><\/div><\/div><\/div><div class=\"wpb_column vc_column_container vc_col-sm-2\"><div class=\"vc_column-inner\"><div class=\"wpb_wrapper\"><\/div><\/div><\/div><div class=\"wpb_column vc_column_container vc_col-sm-4\"><div class=\"vc_column-inner\"><div class=\"wpb_wrapper\">\n\t<div class=\"wpb_text_column wpb_content_element \">\n\t\t<div class=\"wpb_wrapper\">\n\t\t\t<p><a href=\"https:\/\/www.facebook.com\/lupanhandpans\/\" target=\"_blank\" rel=\"noopener noreferrer\"><img loading=\"lazy\" class=\"alignleft wp-image-17887\" src=\"https:\/\/lupanhandpans.com\/wp-content\/uploads\/2019\/05\/facebook.png\" alt=\"\" width=\"30\" height=\"30\" \/><\/a><a href=\"https:\/\/www.instagram.com\/marklupan\/\" target=\"_blank\" rel=\"noopener noreferrer\"><img loading=\"lazy\" class=\"alignleft wp-image-17889\" src=\"https:\/\/lupanhandpans.com\/wp-content\/uploads\/2019\/05\/Instagram.png\" alt=\"\" width=\"30\" height=\"30\" \/><\/a><a href=\"https:\/\/www.youtube.com\/lupanhandpans\" target=\"_blank\" rel=\"noopener noreferrer\"><img loading=\"lazy\" class=\"alignleft wp-image-17893\" src=\"https:\/\/lupanhandpans.com\/wp-content\/uploads\/2019\/05\/youtube.png\" alt=\"\" width=\"30\" height=\"30\" \/><\/a><a href=\"mailto:lupanhandpans@yahoo.com \"><img loading=\"lazy\" class=\"alignleft wp-image-17891\" src=\"https:\/\/lupanhandpans.com\/wp-content\/uploads\/2019\/05\/mail.png\" alt=\"\" width=\"30\" height=\"30\" \/><\/a><\/p>\n\n\t\t<\/div> \n\t<\/div> <\/div><\/div><\/div><div class=\"wpb_column vc_column_container vc_col-sm-3\"><div class=\"vc_column-inner\"><div class=\"wpb_wrapper\"><\/div><\/div><\/div><\/div><\/div>\t<div class=\"vc_empty_space\"  style=\"height: 32px\" ><span\n\t\t\tclass=\"vc_empty_space_inner\">\n\t\t\t<span class=\"empty_space_image\"  ><\/span>\n\t\t<\/span><\/div>\n\n\n\t<div class=\"wpb_text_column wpb_content_element \">\n\t\t<div class=\"wpb_wrapper\">\n\t\t\t<h6 style=\"text-align: center;\"><span style=\"color: #ffffff;\">Copyright 2019 \u00a9 Lupan Handpans | <a style=\"color: #ffffff;\" href=\"\/fr\/privacy-policy\/\">Privacy Policy<\/a> | <a style=\"color: #ffffff;\" href=\"\/fr\/cookies\/\">Cookies Policy<\/a><\/span><\/h6>\n\n\t\t<\/div> \n\t<\/div> <div      class=\"vc_row wpb_row section vc_row-fluid vc_inner \" style=' text-align:left;'><div class=\" full_section_inner clearfix\"><div class=\"wpb_column vc_column_container vc_col-sm-12 vc_hidden-sm vc_hidden-xs\"><div class=\"vc_column-inner\"><div class=\"wpb_wrapper\">\t<div class=\"vc_empty_space\"  style=\"height: 100px\" ><span\n\t\t\tclass=\"vc_empty_space_inner\">\n\t\t\t<span class=\"empty_space_image\"  ><\/span>\n\t\t<\/span><\/div>\n\n<\/div><\/div><\/div><\/div><\/div><\/div><\/div><\/div><\/div><\/div><\/div>\n","protected":false},"excerpt":{"rendered":"F.A.Q. Qu'est-ce qu'un HandPan? Le Handpan est un instrument \u00e0 percussion d\u00e9riv\u00e9 des SteelPan des Cara\u00efbes. Il est fabriqu\u00e9 en t\u00f4le d'acier (g\u00e9n\u00e9ralement 1 mm ou 1,2 mm d'\u00e9paisseur). Elle est principalement fa\u00e7onn\u00e9e \u00e0 la main avec diff\u00e9rents marteaux, cr\u00e9ant ainsi plusieurs membranes s\u00e9par\u00e9es, des...","protected":false},"author":1,"featured_media":0,"parent":0,"menu_order":0,"comment_status":"closed","ping_status":"closed","template":"full_width.php","meta":[],"yoast_head":"<!-- This site is optimized with the Yoast SEO plugin v17.4 - https:\/\/yoast.com\/wordpress\/plugins\/seo\/ -->\n<title>F.A.Q. - Lupan Handpans<\/title>\n<meta name=\"robots\" content=\"index, follow, max-snippet:-1, max-image-preview:large, max-video-preview:-1\" \/>\n<link rel=\"canonical\" href=\"https:\/\/lupanhandpans.com\/fr\/f-a-q\/\" \/>\n<meta property=\"og:locale\" content=\"fr_FR\" \/>\n<meta property=\"og:type\" content=\"article\" \/>\n<meta property=\"og:title\" content=\"F.A.Q. - Lupan Handpans\" \/>\n<meta property=\"og:url\" content=\"https:\/\/lupanhandpans.com\/fr\/f-a-q\/\" \/>\n<meta property=\"og:site_name\" content=\"Lupan Handpans\" \/>\n<meta property=\"article:modified_time\" content=\"2022-12-26T21:06:14+00:00\" \/>\n<meta property=\"og:image\" content=\"https:\/\/lupanhandpans.com\/wp-content\/uploads\/2019\/05\/facebook.png\" \/>\n<meta name=\"twitter:card\" content=\"summary_large_image\" \/>\n<meta name=\"twitter:label1\" content=\"Dur\u00e9e de lecture est.\" \/>\n\t<meta name=\"twitter:data1\" content=\"5 minutes\" \/>\n<script type=\"application\/ld+json\" class=\"yoast-schema-graph\">{\"@context\":\"https:\/\/schema.org\",\"@graph\":[{\"@type\":\"WebSite\",\"@id\":\"https:\/\/lupanhandpans.com\/#website\",\"url\":\"https:\/\/lupanhandpans.com\/\",\"name\":\"Lupan Handpans\",\"description\":\"Instrumentos\",\"potentialAction\":[{\"@type\":\"SearchAction\",\"target\":{\"@type\":\"EntryPoint\",\"urlTemplate\":\"https:\/\/lupanhandpans.com\/?s={search_term_string}\"},\"query-input\":\"required name=search_term_string\"}],\"inLanguage\":\"fr-FR\"},{\"@type\":\"ImageObject\",\"@id\":\"https:\/\/lupanhandpans.com\/fr\/f-a-q\/#primaryimage\",\"inLanguage\":\"fr-FR\",\"url\":\"https:\/\/lupanhandpans.com\/wp-content\/uploads\/2019\/05\/facebook.png\",\"contentUrl\":\"https:\/\/lupanhandpans.com\/wp-content\/uploads\/2019\/05\/facebook.png\",\"width\":49,\"height\":49},{\"@type\":\"WebPage\",\"@id\":\"https:\/\/lupanhandpans.com\/fr\/f-a-q\/#webpage\",\"url\":\"https:\/\/lupanhandpans.com\/fr\/f-a-q\/\",\"name\":\"F.A.Q. - Lupan Handpans\",\"isPartOf\":{\"@id\":\"https:\/\/lupanhandpans.com\/#website\"},\"primaryImageOfPage\":{\"@id\":\"https:\/\/lupanhandpans.com\/fr\/f-a-q\/#primaryimage\"},\"datePublished\":\"2019-05-28T13:20:07+00:00\",\"dateModified\":\"2022-12-26T21:06:14+00:00\",\"breadcrumb\":{\"@id\":\"https:\/\/lupanhandpans.com\/fr\/f-a-q\/#breadcrumb\"},\"inLanguage\":\"fr-FR\",\"potentialAction\":[{\"@type\":\"ReadAction\",\"target\":[\"https:\/\/lupanhandpans.com\/fr\/f-a-q\/\"]}]},{\"@type\":\"BreadcrumbList\",\"@id\":\"https:\/\/lupanhandpans.com\/fr\/f-a-q\/#breadcrumb\",\"itemListElement\":[{\"@type\":\"ListItem\",\"position\":1,\"name\":\"Home\",\"item\":\"https:\/\/lupanhandpans.com\/fr\/\"},{\"@type\":\"ListItem\",\"position\":2,\"name\":\"F.A.Q.\"}]}]}<\/script>\n<!-- \/ Yoast SEO plugin. -->","yoast_head_json":{"title":"F.A.Q. - Lupan Handpans","robots":{"index":"index","follow":"follow","max-snippet":"max-snippet:-1","max-image-preview":"max-image-preview:large","max-video-preview":"max-video-preview:-1"},"canonical":"https:\/\/lupanhandpans.com\/fr\/f-a-q\/","og_locale":"fr_FR","og_type":"article","og_title":"F.A.Q. - Lupan Handpans","og_url":"https:\/\/lupanhandpans.com\/fr\/f-a-q\/","og_site_name":"Lupan Handpans","article_modified_time":"2022-12-26T21:06:14+00:00","og_image":[{"url":"https:\/\/lupanhandpans.com\/wp-content\/uploads\/2019\/05\/facebook.png"}],"twitter_card":"summary_large_image","twitter_misc":{"Dur\u00e9e de lecture est.":"5 minutes"},"schema":{"@context":"https:\/\/schema.org","@graph":[{"@type":"WebSite","@id":"https:\/\/lupanhandpans.com\/#website","url":"https:\/\/lupanhandpans.com\/","name":"Lupan Handpans","description":"Instrumentos","potentialAction":[{"@type":"SearchAction","target":{"@type":"EntryPoint","urlTemplate":"https:\/\/lupanhandpans.com\/?s={search_term_string}"},"query-input":"required name=search_term_string"}],"inLanguage":"fr-FR"},{"@type":"ImageObject","@id":"https:\/\/lupanhandpans.com\/fr\/f-a-q\/#primaryimage","inLanguage":"fr-FR","url":"https:\/\/lupanhandpans.com\/wp-content\/uploads\/2019\/05\/facebook.png","contentUrl":"https:\/\/lupanhandpans.com\/wp-content\/uploads\/2019\/05\/facebook.png","width":49,"height":49},{"@type":"WebPage","@id":"https:\/\/lupanhandpans.com\/fr\/f-a-q\/#webpage","url":"https:\/\/lupanhandpans.com\/fr\/f-a-q\/","name":"F.A.Q. - Lupan Handpans","isPartOf":{"@id":"https:\/\/lupanhandpans.com\/#website"},"primaryImageOfPage":{"@id":"https:\/\/lupanhandpans.com\/fr\/f-a-q\/#primaryimage"},"datePublished":"2019-05-28T13:20:07+00:00","dateModified":"2022-12-26T21:06:14+00:00","breadcrumb":{"@id":"https:\/\/lupanhandpans.com\/fr\/f-a-q\/#breadcrumb"},"inLanguage":"fr-FR","potentialAction":[{"@type":"ReadAction","target":["https:\/\/lupanhandpans.com\/fr\/f-a-q\/"]}]},{"@type":"BreadcrumbList","@id":"https:\/\/lupanhandpans.com\/fr\/f-a-q\/#breadcrumb","itemListElement":[{"@type":"ListItem","position":1,"name":"Home","item":"https:\/\/lupanhandpans.com\/fr\/"},{"@type":"ListItem","position":2,"name":"F.A.Q."}]}]}},"_links":{"self":[{"href":"https:\/\/lupanhandpans.com\/fr\/wp-json\/wp\/v2\/pages\/16562"}],"collection":[{"href":"https:\/\/lupanhandpans.com\/fr\/wp-json\/wp\/v2\/pages"}],"about":[{"href":"https:\/\/lupanhandpans.com\/fr\/wp-json\/wp\/v2\/types\/page"}],"author":[{"embeddable":true,"href":"https:\/\/lupanhandpans.com\/fr\/wp-json\/wp\/v2\/users\/1"}],"replies":[{"embeddable":true,"href":"https:\/\/lupanhandpans.com\/fr\/wp-json\/wp\/v2\/comments?post=16562"}],"version-history":[{"count":10,"href":"https:\/\/lupanhandpans.com\/fr\/wp-json\/wp\/v2\/pages\/16562\/revisions"}],"predecessor-version":[{"id":18363,"href":"https:\/\/lupanhandpans.com\/fr\/wp-json\/wp\/v2\/pages\/16562\/revisions\/18363"}],"wp:attachment":[{"href":"https:\/\/lupanhandpans.com\/fr\/wp-json\/wp\/v2\/media?parent=16562"}],"curies":[{"name":"wp","href":"https:\/\/api.w.org\/{rel}","templated":true}]}}